
{"id":1431,"date":"2025-09-12T14:57:41","date_gmt":"2025-09-12T12:57:41","guid":{"rendered":"https:\/\/nkc-eu.com\/machinery__trashed\/eccentric-presses\/"},"modified":"2025-12-17T13:21:56","modified_gmt":"2025-12-17T12:21:56","slug":"eccentric-presses","status":"publish","type":"page","link":"https:\/\/nkc-eu.com\/en\/machinery\/eccentric-presses\/","title":{"rendered":"Eccentric Presses"},"content":{"rendered":"\n<div class=\"hero wp-block alignfull hero-bg-light-grey\">\n    <div class=\"hero-content\">\n        <div class=\"hero-content-inner\">\n        <div class=\"acf-innerblocks-container\">\n\n<h1 class=\"wp-block-heading\">Eccentric Presses<\/h1>\n\n\n\n<p>NKC operates <strong>20 eccentric presses<\/strong> with capacities ranging from <strong>40 to 225 tons<\/strong>, giving us flexibility in the production of both small and medium-sized components. The machines can handle workpieces up to <strong>740 \u00d7 740 \u00d7 700 mm<\/strong>, enabling the processing of parts with high precision and stability. Our fleet of eccentric presses delivers fast cycle times and reliable quality, regardless of batch size.<\/p>\n\n<\/div>        \n    <\/div>\n    <\/div>\n            <div class=\"hero-image\" data-scroll data-scroll-speed=\"-0.1\" data-scroll-direction=\"vertical\">\n            <figure>\n                <img loading=\"lazy\" decoding=\"async\" width=\"2560\" height=\"1920\" src=\"https:\/\/nkc-eu.com\/app\/uploads\/2025\/12\/img_3532-scaled-jpg.webp\" class=\"attachment-full size-full\" alt=\"\" \/>            <\/figure>\n        <\/div>\n    <\/div>\n<div class=\"media-text-block wp-block alignfull media-text-block-bg-red\">\n            <div class=\"media-text-image\" data-scroll data-scroll-speed=\"-0.1\" data-scroll-direction=\"vertical\">\n                        <img decoding=\"async\" src=\"https:\/\/nkc-eu.com\/app\/uploads\/2025\/12\/dsc_5263_web.avif\" alt=\"\" \/>\n        <\/div>\n        <div class=\"wrapper alignwide\">\n    <div class=\"media-text-content\">\n        <div class=\"acf-innerblocks-container\">\n\n<h2 class=\"wp-block-heading\">How it works!<\/h2>\n\n\n\n<p>Eccentric pressing is a method in which a mechanical drive system with an eccentric shaft converts rotational motion into linear press movement, providing high precision and repeatability when processing sheet metal and other materials.<\/p>\n\n\n\n<p>At NKC, the presses are controlled by modern systems that ensure consistent force distribution and pressure throughout the entire work cycle. The workpiece is placed in the forming tool, and the press shapes the material according to specifications without compromising dimensional accuracy or surface finish. This technology makes eccentric presses particularly well suited for series production and components with complex geometries, while keeping the production flow efficient and fully traceable.<\/p>\n\n<\/div>    <\/div>      \n    <\/div>\n<\/div> \n<div class=\"machine-gallery wp-block alignwide layout-structured\">\n    <div class=\"text-wrapper\">\n                    <h2>See More of Our Machinery<\/h2>\n                    <\/div>\n\n            <div class=\"machine-gallery-grid\">\n                            <div class=\"item\">\n                                                                    <a href=\"https:\/\/nkc-eu.com\/en\/machinery\/hydraulic-presses\/\" class=\"image-wrapper\">\n                                                        <img decoding=\"async\" src=\"https:\/\/nkc-eu.com\/app\/uploads\/2025\/09\/dsc_5090.avif\" alt=\"\" \/>\n                            <h3>Hydraulic Presses<\/h3>\n                        <\/a>\n                                    <\/div>\n                            <div class=\"item\">\n                                                                    <a href=\"http:\/\/nkc-eu.com\/en\/excenterpress\/\" class=\"image-wrapper\">\n                                                        <img decoding=\"async\" src=\"https:\/\/nkc-eu.com\/app\/uploads\/2025\/12\/img_3532-scaled-jpg.webp\" alt=\"\" \/>\n                            <h3>Eccentric Presses<\/h3>\n                        <\/a>\n                                    <\/div>\n                            <div class=\"item\">\n                                                                    <a href=\"https:\/\/nkc-eu.com\/en\/machinery\/transfer-press\/\" class=\"image-wrapper\">\n                                                        <img decoding=\"async\" src=\"https:\/\/nkc-eu.com\/app\/uploads\/2025\/12\/dsc_5045_webny.avif\" alt=\"\" \/>\n                            <h3>Transfer Press<\/h3>\n                        <\/a>\n                                    <\/div>\n                            <div class=\"item\">\n                                                                    <a href=\"https:\/\/nkc-eu.com\/en\/machinery\/lathes\/\" class=\"image-wrapper\">\n                                                        <img decoding=\"async\" src=\"https:\/\/nkc-eu.com\/app\/uploads\/2025\/12\/img_4946_ny.avif\" alt=\"\" \/>\n                            <h3>Lathes<\/h3>\n                        <\/a>\n                                    <\/div>\n                            <div class=\"item\">\n                                                                    <a href=\"https:\/\/nkc-eu.com\/en\/machinery\/laser-cutting\/\" class=\"image-wrapper\">\n                                                        <img decoding=\"async\" src=\"https:\/\/nkc-eu.com\/app\/uploads\/2025\/12\/dsc8787.avif\" alt=\"\" \/>\n                            <h3>Laser Cutting<\/h3>\n                        <\/a>\n                                    <\/div>\n                            <div class=\"item\">\n                                                                    <a href=\"https:\/\/nkc-eu.com\/en\/machinery\/milling-machines\/\" class=\"image-wrapper\">\n                                                        <img decoding=\"async\" src=\"https:\/\/nkc-eu.com\/app\/uploads\/2025\/12\/val2.avif\" alt=\"\" \/>\n                            <h3>Milling Machines<\/h3>\n                        <\/a>\n                                    <\/div>\n                            <div class=\"item\">\n                                                                    <a href=\"https:\/\/nkc-eu.com\/en\/machinery\/manganese-phosphate-coating\/\" class=\"image-wrapper\">\n                                                        <img decoding=\"async\" src=\"https:\/\/nkc-eu.com\/app\/uploads\/2025\/09\/dsc2214_121223_nkc.avif\" alt=\"\" \/>\n                            <h3>Manganese Phosphate Coating<\/h3>\n                        <\/a>\n                                    <\/div>\n                            <div class=\"item\">\n                                                                    <a href=\"https:\/\/nkc-eu.com\/en\/machinery\/blasting\/\" class=\"image-wrapper\">\n                                                        <img decoding=\"async\" src=\"https:\/\/nkc-eu.com\/app\/uploads\/2025\/12\/img_3539-scaled-jpg.webp\" alt=\"\" \/>\n                            <h3>Blasting<\/h3>\n                        <\/a>\n                                    <\/div>\n                            <div class=\"item\">\n                                                                    <a href=\"https:\/\/nkc-eu.com\/en\/machinery\/vibratory-tumbling\/\" class=\"image-wrapper\">\n                                                        <img decoding=\"async\" src=\"https:\/\/nkc-eu.com\/app\/uploads\/2025\/09\/dsc0894_121223_nkc.avif\" alt=\"\" \/>\n                            <h3>Vibratory Tumbling<\/h3>\n                        <\/a>\n                                    <\/div>\n                            <div class=\"item\">\n                                                                    <a href=\"https:\/\/nkc-eu.com\/en\/machinery\/injection-molding\/\" class=\"image-wrapper\">\n                                                        <img decoding=\"async\" src=\"https:\/\/nkc-eu.com\/app\/uploads\/2025\/09\/dsc_5151_black.avif\" alt=\"\" \/>\n                            <h3>Injection Molding<\/h3>\n                        <\/a>\n                                    <\/div>\n                    <\/div>\n    <\/div>","protected":false},"excerpt":{"rendered":"","protected":false},"author":1,"featured_media":0,"parent":333,"menu_order":0,"comment_status":"closed","ping_status":"closed","template":"","meta":{"_acf_changed":false,"footnotes":""},"class_list":["post-1431","page","type-page","status-publish","hentry"],"acf":[],"yoast_head":"<!-- This site is optimized with the Yoast SEO plugin v26.4 - https:\/\/yoast.com\/wordpress\/plugins\/seo\/ -->\n<title>Eccentric Presses - NKC<\/title>\n<meta name=\"robots\" content=\"noindex, follow, max-snippet:-1, max-image-preview:large, max-video-preview:-1\" \/>\n<meta property=\"og:locale\" content=\"en_US\" \/>\n<meta property=\"og:type\" content=\"article\" \/>\n<meta property=\"og:title\" content=\"Eccentric Presses - NKC\" \/>\n<meta property=\"og:url\" content=\"https:\/\/nkc-eu.com\/en\/machinery\/eccentric-presses\/\" \/>\n<meta property=\"og:site_name\" content=\"NKC\" \/>\n<meta property=\"article:modified_time\" content=\"2025-12-17T12:21:56+00:00\" \/>\n<meta name=\"twitter:card\" content=\"summary_large_image\" \/>\n<meta name=\"twitter:label1\" content=\"Est. reading time\" \/>\n\t<meta name=\"twitter:data1\" content=\"1 minute\" \/>\n<script type=\"application\/ld+json\" class=\"yoast-schema-graph\">{\"@context\":\"https:\/\/schema.org\",\"@graph\":[{\"@type\":\"WebPage\",\"@id\":\"https:\/\/nkc-eu.com\/en\/machinery\/eccentric-presses\/\",\"url\":\"https:\/\/nkc-eu.com\/en\/machinery\/eccentric-presses\/\",\"name\":\"Eccentric Presses - NKC\",\"isPartOf\":{\"@id\":\"https:\/\/nkc-eu.com\/#website\"},\"datePublished\":\"2025-09-12T12:57:41+00:00\",\"dateModified\":\"2025-12-17T12:21:56+00:00\",\"breadcrumb\":{\"@id\":\"https:\/\/nkc-eu.com\/en\/machinery\/eccentric-presses\/#breadcrumb\"},\"inLanguage\":\"en-US\",\"potentialAction\":[{\"@type\":\"ReadAction\",\"target\":[\"https:\/\/nkc-eu.com\/en\/machinery\/eccentric-presses\/\"]}]},{\"@type\":\"BreadcrumbList\",\"@id\":\"https:\/\/nkc-eu.com\/en\/machinery\/eccentric-presses\/#breadcrumb\",\"itemListElement\":[{\"@type\":\"ListItem\",\"position\":1,\"name\":\"Home\",\"item\":\"https:\/\/nkc-eu.com\/en\/\"},{\"@type\":\"ListItem\",\"position\":2,\"name\":\"Machinery\",\"item\":\"https:\/\/nkc-eu.com\/en\/machinery\/\"},{\"@type\":\"ListItem\",\"position\":3,\"name\":\"Eccentric Presses\"}]},{\"@type\":\"WebSite\",\"@id\":\"https:\/\/nkc-eu.com\/#website\",\"url\":\"https:\/\/nkc-eu.com\/\",\"name\":\"NKC\",\"description\":\"Pl\u00e5t- och sk\u00e4rande bearbetning, formsprutning &amp; milj\u00f6teknik\",\"potentialAction\":[{\"@type\":\"SearchAction\",\"target\":{\"@type\":\"EntryPoint\",\"urlTemplate\":\"https:\/\/nkc-eu.com\/?s={search_term_string}\"},\"query-input\":{\"@type\":\"PropertyValueSpecification\",\"valueRequired\":true,\"valueName\":\"search_term_string\"}}],\"inLanguage\":\"en-US\"}]}<\/script>\n<!-- \/ Yoast SEO plugin. -->","yoast_head_json":{"title":"Eccentric Presses - NKC","robots":{"index":"noindex","follow":"follow","max-snippet":"max-snippet:-1","max-image-preview":"max-image-preview:large","max-video-preview":"max-video-preview:-1"},"og_locale":"en_US","og_type":"article","og_title":"Eccentric Presses - NKC","og_url":"https:\/\/nkc-eu.com\/en\/machinery\/eccentric-presses\/","og_site_name":"NKC","article_modified_time":"2025-12-17T12:21:56+00:00","twitter_card":"summary_large_image","twitter_misc":{"Est. reading time":"1 minute"},"schema":{"@context":"https:\/\/schema.org","@graph":[{"@type":"WebPage","@id":"https:\/\/nkc-eu.com\/en\/machinery\/eccentric-presses\/","url":"https:\/\/nkc-eu.com\/en\/machinery\/eccentric-presses\/","name":"Eccentric Presses - NKC","isPartOf":{"@id":"https:\/\/nkc-eu.com\/#website"},"datePublished":"2025-09-12T12:57:41+00:00","dateModified":"2025-12-17T12:21:56+00:00","breadcrumb":{"@id":"https:\/\/nkc-eu.com\/en\/machinery\/eccentric-presses\/#breadcrumb"},"inLanguage":"en-US","potentialAction":[{"@type":"ReadAction","target":["https:\/\/nkc-eu.com\/en\/machinery\/eccentric-presses\/"]}]},{"@type":"BreadcrumbList","@id":"https:\/\/nkc-eu.com\/en\/machinery\/eccentric-presses\/#breadcrumb","itemListElement":[{"@type":"ListItem","position":1,"name":"Home","item":"https:\/\/nkc-eu.com\/en\/"},{"@type":"ListItem","position":2,"name":"Machinery","item":"https:\/\/nkc-eu.com\/en\/machinery\/"},{"@type":"ListItem","position":3,"name":"Eccentric Presses"}]},{"@type":"WebSite","@id":"https:\/\/nkc-eu.com\/#website","url":"https:\/\/nkc-eu.com\/","name":"NKC","description":"Pl\u00e5t- och sk\u00e4rande bearbetning, formsprutning &amp; milj\u00f6teknik","potentialAction":[{"@type":"SearchAction","target":{"@type":"EntryPoint","urlTemplate":"https:\/\/nkc-eu.com\/?s={search_term_string}"},"query-input":{"@type":"PropertyValueSpecification","valueRequired":true,"valueName":"search_term_string"}}],"inLanguage":"en-US"}]}},"_links":{"self":[{"href":"https:\/\/nkc-eu.com\/en\/wp-json\/wp\/v2\/pages\/1431","targetHints":{"allow":["GET"]}}],"collection":[{"href":"https:\/\/nkc-eu.com\/en\/wp-json\/wp\/v2\/pages"}],"about":[{"href":"https:\/\/nkc-eu.com\/en\/wp-json\/wp\/v2\/types\/page"}],"author":[{"embeddable":true,"href":"https:\/\/nkc-eu.com\/en\/wp-json\/wp\/v2\/users\/1"}],"replies":[{"embeddable":true,"href":"https:\/\/nkc-eu.com\/en\/wp-json\/wp\/v2\/comments?post=1431"}],"version-history":[{"count":3,"href":"https:\/\/nkc-eu.com\/en\/wp-json\/wp\/v2\/pages\/1431\/revisions"}],"predecessor-version":[{"id":1450,"href":"https:\/\/nkc-eu.com\/en\/wp-json\/wp\/v2\/pages\/1431\/revisions\/1450"}],"up":[{"embeddable":true,"href":"https:\/\/nkc-eu.com\/en\/wp-json\/wp\/v2\/pages\/333"}],"wp:attachment":[{"href":"https:\/\/nkc-eu.com\/en\/wp-json\/wp\/v2\/media?parent=1431"}],"curies":[{"name":"wp","href":"https:\/\/api.w.org\/{rel}","templated":true}]}}