
{"id":1433,"date":"2025-09-15T14:01:02","date_gmt":"2025-09-15T12:01:02","guid":{"rendered":"https:\/\/nkc-eu.com\/machinery__trashed\/milling-machines\/"},"modified":"2026-03-17T13:32:45","modified_gmt":"2026-03-17T12:32:45","slug":"milling-machines","status":"publish","type":"page","link":"https:\/\/nkc-eu.com\/en\/machinery\/milling-machines\/","title":{"rendered":"Milling Machines"},"content":{"rendered":"\n<div class=\"hero wp-block alignfull hero-bg-light-grey\">\n    <div class=\"hero-content\">\n        <div class=\"hero-content-inner\">\n        <div class=\"acf-innerblocks-container\">\n\n<h1 class=\"wp-block-heading\">Milling Machines<\/h1>\n\n\n\n<p>NKC is a reliable subcontractor in milling, with a focus on components for the bearing industry and products used in sectors such as <strong>wind power, stone crushing, and the mining industry<\/strong>. Our milling machine park includes advanced machines with pallet-changing systems and integrated production cells, enabling both automated production and high precision. <\/p>\n\n\n\n<p><strong>DMC 210U Deckel Maho<\/strong> \u2013 equipped with <strong>three pallets<\/strong>, allowing the machining of components with a maximum diameter of <strong>2,000 mm<\/strong>.<\/p>\n\n\n\n<p><strong>DMC 125U Deckel Maho<\/strong> \u2013 equipped with<strong> two pallets<\/strong> and built into a cell with a robot and washing unit for automated production, enabling the machining of components with a maximum diameter of <strong>1,200 mm<\/strong>.<\/p>\n\n\n\n<p>This flexibility makes NKC\u2019s milling capacity ideal for both small and large production runs involving complex geometries.<\/p>\n\n<\/div>        \n    <\/div>\n    <\/div>\n            <div class=\"hero-image\" data-scroll data-scroll-speed=\"-0.1\" data-scroll-direction=\"vertical\">\n            <figure>\n                <img loading=\"lazy\" decoding=\"async\" width=\"1920\" height=\"1281\" src=\"https:\/\/nkc-eu.com\/app\/uploads\/2025\/12\/val2.avif\" class=\"attachment-full size-full\" alt=\"\" srcset=\"https:\/\/nkc-eu.com\/app\/uploads\/2025\/12\/val2.avif 1920w, https:\/\/nkc-eu.com\/app\/uploads\/2025\/12\/val2-300x200.avif 300w, https:\/\/nkc-eu.com\/app\/uploads\/2025\/12\/val2-1024x683.avif 1024w, https:\/\/nkc-eu.com\/app\/uploads\/2025\/12\/val2-768x512.avif 768w, https:\/\/nkc-eu.com\/app\/uploads\/2025\/12\/val2-1536x1025.avif 1536w\" sizes=\"auto, (max-width: 1920px) 100vw, 1920px\" \/>            <\/figure>\n        <\/div>\n    <\/div>\n<div class=\"media-text-block wp-block alignfull media-text-block-bg-red\">\n            <div class=\"media-text-image\" data-scroll data-scroll-speed=\"-0.1\" data-scroll-direction=\"vertical\">\n                        <img decoding=\"async\" src=\"https:\/\/nkc-eu.com\/app\/uploads\/2025\/12\/dsc_5037_web.avif\" alt=\"\" \/>\n        <\/div>\n        <div class=\"wrapper alignwide\">\n    <div class=\"media-text-content\">\n        <div class=\"acf-innerblocks-container\">\n\n<h2 class=\"wp-block-heading\">How it works!<\/h2>\n\n\n\n<p>Milling is a machining process in which rotating cutting tools remove material from the workpiece to create precise shapes and dimensions. At NKC, modern milling machines with pallet-changing systems and robot integration are used, allowing workpieces to be processed automatically with high repeatability and short lead times. <\/p>\n\n\n\n<p>The machines handle large dimensions and complex geometries, and integrated measurement and washing systems ensure the quality of every component. The result is components with high precision, excellent surface finish, and full traceability\u2014ideal for industrial applications where reliability and accuracy are essential. <\/p>\n\n<\/div>    <\/div>      \n    <\/div>\n<\/div> \n<div class=\"machine-gallery wp-block alignwide layout-structured\">\n    <div class=\"text-wrapper\">\n                    <h2>See More of Our Machinery<\/h2>\n                    <\/div>\n\n            <div class=\"machine-gallery-grid\">\n                            <div class=\"item\">\n                                                                    <a href=\"https:\/\/nkc-eu.com\/en\/machinery\/hydraulic-presses\/\" class=\"image-wrapper\">\n                                                        <img decoding=\"async\" src=\"https:\/\/nkc-eu.com\/app\/uploads\/2025\/09\/dsc_5090.avif\" alt=\"\" \/>\n                            <h3>Hydraulic Presses<\/h3>\n                        <\/a>\n                                    <\/div>\n                            <div class=\"item\">\n                                                                    <a href=\"https:\/\/nkc-eu.com\/en\/maskinpark\/excenterpress\/\" class=\"image-wrapper\">\n                                                        <img decoding=\"async\" src=\"https:\/\/nkc-eu.com\/app\/uploads\/2025\/12\/img_3532-scaled-jpg.webp\" alt=\"\" \/>\n                            <h3>Eccentric Presses<\/h3>\n                        <\/a>\n                                    <\/div>\n                            <div class=\"item\">\n                                                                    <a href=\"https:\/\/nkc-eu.com\/en\/machinery\/transfer-press\/\" class=\"image-wrapper\">\n                                                        <img decoding=\"async\" src=\"https:\/\/nkc-eu.com\/app\/uploads\/2025\/12\/dsc_5045_webny.avif\" alt=\"\" \/>\n                            <h3>Transfer Press<\/h3>\n                        <\/a>\n                                    <\/div>\n                            <div class=\"item\">\n                                                                    <a href=\"https:\/\/nkc-eu.com\/en\/machinery\/lathes\/\" class=\"image-wrapper\">\n                                                        <img decoding=\"async\" src=\"https:\/\/nkc-eu.com\/app\/uploads\/2025\/12\/img_4946_ny.avif\" alt=\"\" \/>\n                            <h3>Lathes<\/h3>\n                        <\/a>\n                                    <\/div>\n                            <div class=\"item\">\n                                                                    <a href=\"https:\/\/nkc-eu.com\/en\/machinery\/laser-cutting\/\" class=\"image-wrapper\">\n                                                        <img decoding=\"async\" src=\"https:\/\/nkc-eu.com\/app\/uploads\/2025\/12\/dsc8787.avif\" alt=\"\" \/>\n                            <h3>Laser Cutting<\/h3>\n                        <\/a>\n                                    <\/div>\n                            <div class=\"item\">\n                                                                    <a href=\"https:\/\/nkc-eu.com\/en\/machinery\/milling-machines\/\" class=\"image-wrapper\">\n                                                        <img decoding=\"async\" src=\"https:\/\/nkc-eu.com\/app\/uploads\/2025\/12\/val2.avif\" alt=\"\" \/>\n                            <h3>Milling Machines<\/h3>\n                        <\/a>\n                                    <\/div>\n                            <div class=\"item\">\n                                                                    <a href=\"https:\/\/nkc-eu.com\/en\/machinery\/manganese-phosphate-coating\/\" class=\"image-wrapper\">\n                                                        <img decoding=\"async\" src=\"https:\/\/nkc-eu.com\/app\/uploads\/2025\/09\/dsc2214_121223_nkc.avif\" alt=\"\" \/>\n                            <h3>Manganese Phosphate Coating<\/h3>\n                        <\/a>\n                                    <\/div>\n                            <div class=\"item\">\n                                                                    <a href=\"https:\/\/nkc-eu.com\/en\/machinery\/blasting\/\" class=\"image-wrapper\">\n                                                        <img decoding=\"async\" src=\"https:\/\/nkc-eu.com\/app\/uploads\/2025\/12\/img_3539-scaled-jpg.webp\" alt=\"\" \/>\n                            <h3>Blasting<\/h3>\n                        <\/a>\n                                    <\/div>\n                            <div class=\"item\">\n                                                                    <a href=\"https:\/\/nkc-eu.com\/en\/machinery\/vibratory-tumbling\/\" class=\"image-wrapper\">\n                                                        <img decoding=\"async\" src=\"https:\/\/nkc-eu.com\/app\/uploads\/2025\/09\/dsc0894_121223_nkc.avif\" alt=\"\" \/>\n                            <h3>Vibratory Tumbling<\/h3>\n                        <\/a>\n                                    <\/div>\n                            <div class=\"item\">\n                                                                    <a href=\"https:\/\/nkc-eu.com\/en\/machinery\/injection-molding\/\" class=\"image-wrapper\">\n                                                        <img decoding=\"async\" src=\"https:\/\/nkc-eu.com\/app\/uploads\/2025\/09\/dsc_5151_black.avif\" alt=\"\" \/>\n                            <h3>Injection Molding<\/h3>\n                        <\/a>\n                                    <\/div>\n                    <\/div>\n    <\/div>","protected":false},"excerpt":{"rendered":"","protected":false},"author":1,"featured_media":0,"parent":333,"menu_order":0,"comment_status":"closed","ping_status":"closed","template":"","meta":{"_acf_changed":false,"footnotes":""},"class_list":["post-1433","page","type-page","status-publish","hentry"],"acf":[],"yoast_head":"<!-- This site is optimized with the Yoast SEO plugin v26.4 - https:\/\/yoast.com\/wordpress\/plugins\/seo\/ -->\n<title>Milling Machines - NKC<\/title>\n<meta name=\"robots\" content=\"noindex, follow, max-snippet:-1, max-image-preview:large, max-video-preview:-1\" \/>\n<meta property=\"og:locale\" content=\"en_US\" \/>\n<meta property=\"og:type\" content=\"article\" \/>\n<meta property=\"og:title\" content=\"Milling Machines - NKC\" \/>\n<meta property=\"og:url\" content=\"https:\/\/nkc-eu.com\/en\/machinery\/milling-machines\/\" \/>\n<meta property=\"og:site_name\" content=\"NKC\" \/>\n<meta property=\"article:modified_time\" content=\"2026-03-17T12:32:45+00:00\" \/>\n<meta name=\"twitter:card\" content=\"summary_large_image\" \/>\n<meta name=\"twitter:label1\" content=\"Est. reading time\" \/>\n\t<meta name=\"twitter:data1\" content=\"1 minute\" \/>\n<script type=\"application\/ld+json\" class=\"yoast-schema-graph\">{\"@context\":\"https:\/\/schema.org\",\"@graph\":[{\"@type\":\"WebPage\",\"@id\":\"https:\/\/nkc-eu.com\/en\/machinery\/milling-machines\/\",\"url\":\"https:\/\/nkc-eu.com\/en\/machinery\/milling-machines\/\",\"name\":\"Milling Machines - NKC\",\"isPartOf\":{\"@id\":\"https:\/\/nkc-eu.com\/#website\"},\"datePublished\":\"2025-09-15T12:01:02+00:00\",\"dateModified\":\"2026-03-17T12:32:45+00:00\",\"breadcrumb\":{\"@id\":\"https:\/\/nkc-eu.com\/en\/machinery\/milling-machines\/#breadcrumb\"},\"inLanguage\":\"en-US\",\"potentialAction\":[{\"@type\":\"ReadAction\",\"target\":[\"https:\/\/nkc-eu.com\/en\/machinery\/milling-machines\/\"]}]},{\"@type\":\"BreadcrumbList\",\"@id\":\"https:\/\/nkc-eu.com\/en\/machinery\/milling-machines\/#breadcrumb\",\"itemListElement\":[{\"@type\":\"ListItem\",\"position\":1,\"name\":\"Home\",\"item\":\"https:\/\/nkc-eu.com\/en\/\"},{\"@type\":\"ListItem\",\"position\":2,\"name\":\"Machinery\",\"item\":\"https:\/\/nkc-eu.com\/en\/machinery\/\"},{\"@type\":\"ListItem\",\"position\":3,\"name\":\"Milling Machines\"}]},{\"@type\":\"WebSite\",\"@id\":\"https:\/\/nkc-eu.com\/#website\",\"url\":\"https:\/\/nkc-eu.com\/\",\"name\":\"NKC\",\"description\":\"Pl\u00e5t- och sk\u00e4rande bearbetning, formsprutning &amp; milj\u00f6teknik\",\"potentialAction\":[{\"@type\":\"SearchAction\",\"target\":{\"@type\":\"EntryPoint\",\"urlTemplate\":\"https:\/\/nkc-eu.com\/?s={search_term_string}\"},\"query-input\":{\"@type\":\"PropertyValueSpecification\",\"valueRequired\":true,\"valueName\":\"search_term_string\"}}],\"inLanguage\":\"en-US\"}]}<\/script>\n<!-- \/ Yoast SEO plugin. -->","yoast_head_json":{"title":"Milling Machines - NKC","robots":{"index":"noindex","follow":"follow","max-snippet":"max-snippet:-1","max-image-preview":"max-image-preview:large","max-video-preview":"max-video-preview:-1"},"og_locale":"en_US","og_type":"article","og_title":"Milling Machines - NKC","og_url":"https:\/\/nkc-eu.com\/en\/machinery\/milling-machines\/","og_site_name":"NKC","article_modified_time":"2026-03-17T12:32:45+00:00","twitter_card":"summary_large_image","twitter_misc":{"Est. reading time":"1 minute"},"schema":{"@context":"https:\/\/schema.org","@graph":[{"@type":"WebPage","@id":"https:\/\/nkc-eu.com\/en\/machinery\/milling-machines\/","url":"https:\/\/nkc-eu.com\/en\/machinery\/milling-machines\/","name":"Milling Machines - NKC","isPartOf":{"@id":"https:\/\/nkc-eu.com\/#website"},"datePublished":"2025-09-15T12:01:02+00:00","dateModified":"2026-03-17T12:32:45+00:00","breadcrumb":{"@id":"https:\/\/nkc-eu.com\/en\/machinery\/milling-machines\/#breadcrumb"},"inLanguage":"en-US","potentialAction":[{"@type":"ReadAction","target":["https:\/\/nkc-eu.com\/en\/machinery\/milling-machines\/"]}]},{"@type":"BreadcrumbList","@id":"https:\/\/nkc-eu.com\/en\/machinery\/milling-machines\/#breadcrumb","itemListElement":[{"@type":"ListItem","position":1,"name":"Home","item":"https:\/\/nkc-eu.com\/en\/"},{"@type":"ListItem","position":2,"name":"Machinery","item":"https:\/\/nkc-eu.com\/en\/machinery\/"},{"@type":"ListItem","position":3,"name":"Milling Machines"}]},{"@type":"WebSite","@id":"https:\/\/nkc-eu.com\/#website","url":"https:\/\/nkc-eu.com\/","name":"NKC","description":"Pl\u00e5t- och sk\u00e4rande bearbetning, formsprutning &amp; milj\u00f6teknik","potentialAction":[{"@type":"SearchAction","target":{"@type":"EntryPoint","urlTemplate":"https:\/\/nkc-eu.com\/?s={search_term_string}"},"query-input":{"@type":"PropertyValueSpecification","valueRequired":true,"valueName":"search_term_string"}}],"inLanguage":"en-US"}]}},"_links":{"self":[{"href":"https:\/\/nkc-eu.com\/en\/wp-json\/wp\/v2\/pages\/1433","targetHints":{"allow":["GET"]}}],"collection":[{"href":"https:\/\/nkc-eu.com\/en\/wp-json\/wp\/v2\/pages"}],"about":[{"href":"https:\/\/nkc-eu.com\/en\/wp-json\/wp\/v2\/types\/page"}],"author":[{"embeddable":true,"href":"https:\/\/nkc-eu.com\/en\/wp-json\/wp\/v2\/users\/1"}],"replies":[{"embeddable":true,"href":"https:\/\/nkc-eu.com\/en\/wp-json\/wp\/v2\/comments?post=1433"}],"version-history":[{"count":8,"href":"https:\/\/nkc-eu.com\/en\/wp-json\/wp\/v2\/pages\/1433\/revisions"}],"predecessor-version":[{"id":1721,"href":"https:\/\/nkc-eu.com\/en\/wp-json\/wp\/v2\/pages\/1433\/revisions\/1721"}],"up":[{"embeddable":true,"href":"https:\/\/nkc-eu.com\/en\/wp-json\/wp\/v2\/pages\/333"}],"wp:attachment":[{"href":"https:\/\/nkc-eu.com\/en\/wp-json\/wp\/v2\/media?parent=1433"}],"curies":[{"name":"wp","href":"https:\/\/api.w.org\/{rel}","templated":true}]}}