
{"id":1437,"date":"2025-09-15T14:00:05","date_gmt":"2025-09-15T12:00:05","guid":{"rendered":"https:\/\/nkc-eu.com\/machinery__trashed\/laser-cutting\/"},"modified":"2026-03-17T13:32:19","modified_gmt":"2026-03-17T12:32:19","slug":"laser-cutting","status":"publish","type":"page","link":"https:\/\/nkc-eu.com\/en\/machinery\/laser-cutting\/","title":{"rendered":"Laser Cutting"},"content":{"rendered":"\n<div class=\"hero wp-block alignfull hero-bg-light-grey\">\n    <div class=\"hero-content\">\n        <div class=\"hero-content-inner\">\n        <div class=\"acf-innerblocks-container\">\n\n<h1 class=\"wp-block-heading\">Laser Cutting<\/h1>\n\n\n\n<p><strong>NKC operates two Trumpf TLC 1005 laser machines<\/strong> installed in an advanced production cell that includes a lathe, robot, measurement, and deburring. The machines are equipped with rotary tables capable of handling diameters of up to 1,300 mm, providing great flexibility in machining circular and complex components. This configuration ensures fast, precise, and automated production with high repeatability.  <\/p>\n\n<\/div>        \n    <\/div>\n    <\/div>\n            <div class=\"hero-image\" data-scroll data-scroll-speed=\"-0.1\" data-scroll-direction=\"vertical\">\n            <figure>\n                <img loading=\"lazy\" decoding=\"async\" width=\"1920\" height=\"1281\" src=\"https:\/\/nkc-eu.com\/app\/uploads\/2025\/12\/dsc8787.avif\" class=\"attachment-full size-full\" alt=\"\" srcset=\"https:\/\/nkc-eu.com\/app\/uploads\/2025\/12\/dsc8787.avif 1920w, https:\/\/nkc-eu.com\/app\/uploads\/2025\/12\/dsc8787-300x200.avif 300w, https:\/\/nkc-eu.com\/app\/uploads\/2025\/12\/dsc8787-1024x683.avif 1024w, https:\/\/nkc-eu.com\/app\/uploads\/2025\/12\/dsc8787-768x512.avif 768w, https:\/\/nkc-eu.com\/app\/uploads\/2025\/12\/dsc8787-1536x1025.avif 1536w\" sizes=\"auto, (max-width: 1920px) 100vw, 1920px\" \/>            <\/figure>\n        <\/div>\n    <\/div>\n<div class=\"media-text-block wp-block alignfull media-text-block-bg-red\">\n            <div class=\"media-text-image\" data-scroll data-scroll-speed=\"-0.1\" data-scroll-direction=\"vertical\">\n                        <img decoding=\"async\" src=\"https:\/\/nkc-eu.com\/app\/uploads\/2025\/12\/4001-laserprocess_web.avif\" alt=\"\" \/>\n        <\/div>\n        <div class=\"wrapper alignwide\">\n    <div class=\"media-text-content\">\n        <div class=\"acf-innerblocks-container\">\n\n<h2 class=\"wp-block-heading\">How it works!<\/h2>\n\n\n\n<p>Laser cutting uses a high-energy laser to melt or vaporize material at precisely defined points, resulting in highly accurate cuts with minimal waste. At NKC, the machines are controlled by advanced systems that integrate turning, robotics, measurement, and deburring to optimize process flow and ensure quality in every component. <\/p>\n\n\n\n<p>The rotary table makes it possible to process large, round workpieces and complex geometries without compromising precision or surface quality. The result is components with exact dimensions, clean edges, and short lead times\u2014ideal for both prototyping and series production. <\/p>\n\n<\/div>    <\/div>      \n    <\/div>\n<\/div> \n<div class=\"machine-gallery wp-block alignwide layout-structured\">\n    <div class=\"text-wrapper\">\n                    <h2>See More of Our Machinery<\/h2>\n                    <\/div>\n\n            <div class=\"machine-gallery-grid\">\n                            <div class=\"item\">\n                                                                    <a href=\"https:\/\/nkc-eu.com\/en\/machinery\/hydraulic-presses\/\" class=\"image-wrapper\">\n                                                        <img decoding=\"async\" src=\"https:\/\/nkc-eu.com\/app\/uploads\/2025\/09\/dsc_5090.avif\" alt=\"\" \/>\n                            <h3>Hydraulic Presses<\/h3>\n                        <\/a>\n                                    <\/div>\n                            <div class=\"item\">\n                                                                    <a href=\"https:\/\/nkc-eu.com\/en\/maskinpark\/excenterpress\/\" class=\"image-wrapper\">\n                                                        <img decoding=\"async\" src=\"https:\/\/nkc-eu.com\/app\/uploads\/2025\/12\/img_3532-scaled-jpg.webp\" alt=\"\" \/>\n                            <h3>Eccentric Presses<\/h3>\n                        <\/a>\n                                    <\/div>\n                            <div class=\"item\">\n                                                                    <a href=\"https:\/\/nkc-eu.com\/en\/machinery\/transfer-press\/\" class=\"image-wrapper\">\n                                                        <img decoding=\"async\" src=\"https:\/\/nkc-eu.com\/app\/uploads\/2025\/12\/dsc_5045_webny.avif\" alt=\"\" \/>\n                            <h3>Transfer Press<\/h3>\n                        <\/a>\n                                    <\/div>\n                            <div class=\"item\">\n                                                                    <a href=\"https:\/\/nkc-eu.com\/en\/machinery\/lathes\/\" class=\"image-wrapper\">\n                                                        <img decoding=\"async\" src=\"https:\/\/nkc-eu.com\/app\/uploads\/2025\/12\/img_4946_ny.avif\" alt=\"\" \/>\n                            <h3>Lathes<\/h3>\n                        <\/a>\n                                    <\/div>\n                            <div class=\"item\">\n                                                                    <a href=\"https:\/\/nkc-eu.com\/en\/machinery\/laser-cutting\/\" class=\"image-wrapper\">\n                                                        <img decoding=\"async\" src=\"https:\/\/nkc-eu.com\/app\/uploads\/2025\/12\/dsc8787.avif\" alt=\"\" \/>\n                            <h3>Laser Cutting<\/h3>\n                        <\/a>\n                                    <\/div>\n                            <div class=\"item\">\n                                                                    <a href=\"https:\/\/nkc-eu.com\/en\/machinery\/milling-machines\/\" class=\"image-wrapper\">\n                                                        <img decoding=\"async\" src=\"https:\/\/nkc-eu.com\/app\/uploads\/2025\/12\/val2.avif\" alt=\"\" \/>\n                            <h3>Milling Machines<\/h3>\n                        <\/a>\n                                    <\/div>\n                            <div class=\"item\">\n                                                                    <a href=\"https:\/\/nkc-eu.com\/en\/machinery\/manganese-phosphate-coating\/\" class=\"image-wrapper\">\n                                                        <img decoding=\"async\" src=\"https:\/\/nkc-eu.com\/app\/uploads\/2025\/09\/dsc2214_121223_nkc.avif\" alt=\"\" \/>\n                            <h3>Manganese Phosphate Coating<\/h3>\n                        <\/a>\n                                    <\/div>\n                            <div class=\"item\">\n                                                                    <a href=\"https:\/\/nkc-eu.com\/en\/machinery\/blasting\/\" class=\"image-wrapper\">\n                                                        <img decoding=\"async\" src=\"https:\/\/nkc-eu.com\/app\/uploads\/2025\/12\/img_3539-scaled-jpg.webp\" alt=\"\" \/>\n                            <h3>Blasting<\/h3>\n                        <\/a>\n                                    <\/div>\n                            <div class=\"item\">\n                                                                    <a href=\"https:\/\/nkc-eu.com\/en\/machinery\/vibratory-tumbling\/\" class=\"image-wrapper\">\n                                                        <img decoding=\"async\" src=\"https:\/\/nkc-eu.com\/app\/uploads\/2025\/09\/dsc0894_121223_nkc.avif\" alt=\"\" \/>\n                            <h3>Vibratory Tumbling<\/h3>\n                        <\/a>\n                                    <\/div>\n                            <div class=\"item\">\n                                                                    <a href=\"https:\/\/nkc-eu.com\/en\/machinery\/injection-molding\/\" class=\"image-wrapper\">\n                                                        <img decoding=\"async\" src=\"https:\/\/nkc-eu.com\/app\/uploads\/2025\/09\/dsc_5151_black.avif\" alt=\"\" \/>\n                            <h3>Injection Molding<\/h3>\n                        <\/a>\n                                    <\/div>\n                    <\/div>\n    <\/div>","protected":false},"excerpt":{"rendered":"","protected":false},"author":1,"featured_media":0,"parent":333,"menu_order":0,"comment_status":"closed","ping_status":"closed","template":"","meta":{"_acf_changed":false,"footnotes":""},"class_list":["post-1437","page","type-page","status-publish","hentry"],"acf":[],"yoast_head":"<!-- This site is optimized with the Yoast SEO plugin v26.4 - https:\/\/yoast.com\/wordpress\/plugins\/seo\/ -->\n<title>Laser Cutting - NKC<\/title>\n<meta name=\"robots\" content=\"noindex, follow, max-snippet:-1, max-image-preview:large, max-video-preview:-1\" \/>\n<meta property=\"og:locale\" content=\"en_US\" \/>\n<meta property=\"og:type\" content=\"article\" \/>\n<meta property=\"og:title\" content=\"Laser Cutting - NKC\" \/>\n<meta property=\"og:url\" content=\"https:\/\/nkc-eu.com\/en\/machinery\/laser-cutting\/\" \/>\n<meta property=\"og:site_name\" content=\"NKC\" \/>\n<meta property=\"article:modified_time\" content=\"2026-03-17T12:32:19+00:00\" \/>\n<meta name=\"twitter:card\" content=\"summary_large_image\" \/>\n<meta name=\"twitter:label1\" content=\"Est. reading time\" \/>\n\t<meta name=\"twitter:data1\" content=\"1 minute\" \/>\n<script type=\"application\/ld+json\" class=\"yoast-schema-graph\">{\"@context\":\"https:\/\/schema.org\",\"@graph\":[{\"@type\":\"WebPage\",\"@id\":\"https:\/\/nkc-eu.com\/en\/machinery\/laser-cutting\/\",\"url\":\"https:\/\/nkc-eu.com\/en\/machinery\/laser-cutting\/\",\"name\":\"Laser Cutting - NKC\",\"isPartOf\":{\"@id\":\"https:\/\/nkc-eu.com\/#website\"},\"datePublished\":\"2025-09-15T12:00:05+00:00\",\"dateModified\":\"2026-03-17T12:32:19+00:00\",\"breadcrumb\":{\"@id\":\"https:\/\/nkc-eu.com\/en\/machinery\/laser-cutting\/#breadcrumb\"},\"inLanguage\":\"en-US\",\"potentialAction\":[{\"@type\":\"ReadAction\",\"target\":[\"https:\/\/nkc-eu.com\/en\/machinery\/laser-cutting\/\"]}]},{\"@type\":\"BreadcrumbList\",\"@id\":\"https:\/\/nkc-eu.com\/en\/machinery\/laser-cutting\/#breadcrumb\",\"itemListElement\":[{\"@type\":\"ListItem\",\"position\":1,\"name\":\"Home\",\"item\":\"https:\/\/nkc-eu.com\/en\/\"},{\"@type\":\"ListItem\",\"position\":2,\"name\":\"Machinery\",\"item\":\"https:\/\/nkc-eu.com\/en\/machinery\/\"},{\"@type\":\"ListItem\",\"position\":3,\"name\":\"Laser Cutting\"}]},{\"@type\":\"WebSite\",\"@id\":\"https:\/\/nkc-eu.com\/#website\",\"url\":\"https:\/\/nkc-eu.com\/\",\"name\":\"NKC\",\"description\":\"Pl\u00e5t- och sk\u00e4rande bearbetning, formsprutning &amp; milj\u00f6teknik\",\"potentialAction\":[{\"@type\":\"SearchAction\",\"target\":{\"@type\":\"EntryPoint\",\"urlTemplate\":\"https:\/\/nkc-eu.com\/?s={search_term_string}\"},\"query-input\":{\"@type\":\"PropertyValueSpecification\",\"valueRequired\":true,\"valueName\":\"search_term_string\"}}],\"inLanguage\":\"en-US\"}]}<\/script>\n<!-- \/ Yoast SEO plugin. -->","yoast_head_json":{"title":"Laser Cutting - NKC","robots":{"index":"noindex","follow":"follow","max-snippet":"max-snippet:-1","max-image-preview":"max-image-preview:large","max-video-preview":"max-video-preview:-1"},"og_locale":"en_US","og_type":"article","og_title":"Laser Cutting - NKC","og_url":"https:\/\/nkc-eu.com\/en\/machinery\/laser-cutting\/","og_site_name":"NKC","article_modified_time":"2026-03-17T12:32:19+00:00","twitter_card":"summary_large_image","twitter_misc":{"Est. reading time":"1 minute"},"schema":{"@context":"https:\/\/schema.org","@graph":[{"@type":"WebPage","@id":"https:\/\/nkc-eu.com\/en\/machinery\/laser-cutting\/","url":"https:\/\/nkc-eu.com\/en\/machinery\/laser-cutting\/","name":"Laser Cutting - NKC","isPartOf":{"@id":"https:\/\/nkc-eu.com\/#website"},"datePublished":"2025-09-15T12:00:05+00:00","dateModified":"2026-03-17T12:32:19+00:00","breadcrumb":{"@id":"https:\/\/nkc-eu.com\/en\/machinery\/laser-cutting\/#breadcrumb"},"inLanguage":"en-US","potentialAction":[{"@type":"ReadAction","target":["https:\/\/nkc-eu.com\/en\/machinery\/laser-cutting\/"]}]},{"@type":"BreadcrumbList","@id":"https:\/\/nkc-eu.com\/en\/machinery\/laser-cutting\/#breadcrumb","itemListElement":[{"@type":"ListItem","position":1,"name":"Home","item":"https:\/\/nkc-eu.com\/en\/"},{"@type":"ListItem","position":2,"name":"Machinery","item":"https:\/\/nkc-eu.com\/en\/machinery\/"},{"@type":"ListItem","position":3,"name":"Laser Cutting"}]},{"@type":"WebSite","@id":"https:\/\/nkc-eu.com\/#website","url":"https:\/\/nkc-eu.com\/","name":"NKC","description":"Pl\u00e5t- och sk\u00e4rande bearbetning, formsprutning &amp; milj\u00f6teknik","potentialAction":[{"@type":"SearchAction","target":{"@type":"EntryPoint","urlTemplate":"https:\/\/nkc-eu.com\/?s={search_term_string}"},"query-input":{"@type":"PropertyValueSpecification","valueRequired":true,"valueName":"search_term_string"}}],"inLanguage":"en-US"}]}},"_links":{"self":[{"href":"https:\/\/nkc-eu.com\/en\/wp-json\/wp\/v2\/pages\/1437","targetHints":{"allow":["GET"]}}],"collection":[{"href":"https:\/\/nkc-eu.com\/en\/wp-json\/wp\/v2\/pages"}],"about":[{"href":"https:\/\/nkc-eu.com\/en\/wp-json\/wp\/v2\/types\/page"}],"author":[{"embeddable":true,"href":"https:\/\/nkc-eu.com\/en\/wp-json\/wp\/v2\/users\/1"}],"replies":[{"embeddable":true,"href":"https:\/\/nkc-eu.com\/en\/wp-json\/wp\/v2\/comments?post=1437"}],"version-history":[{"count":6,"href":"https:\/\/nkc-eu.com\/en\/wp-json\/wp\/v2\/pages\/1437\/revisions"}],"predecessor-version":[{"id":1718,"href":"https:\/\/nkc-eu.com\/en\/wp-json\/wp\/v2\/pages\/1437\/revisions\/1718"}],"up":[{"embeddable":true,"href":"https:\/\/nkc-eu.com\/en\/wp-json\/wp\/v2\/pages\/333"}],"wp:attachment":[{"href":"https:\/\/nkc-eu.com\/en\/wp-json\/wp\/v2\/media?parent=1437"}],"curies":[{"name":"wp","href":"https:\/\/api.w.org\/{rel}","templated":true}]}}