
{"id":1442,"date":"2025-09-15T14:04:07","date_gmt":"2025-09-15T12:04:07","guid":{"rendered":"https:\/\/nkc-eu.com\/machinery__trashed\/injection-molding\/"},"modified":"2025-12-17T13:22:13","modified_gmt":"2025-12-17T12:22:13","slug":"injection-molding","status":"publish","type":"page","link":"https:\/\/nkc-eu.com\/en\/machinery\/injection-molding\/","title":{"rendered":"Injection Molding"},"content":{"rendered":"\n<div class=\"hero wp-block alignfull hero-bg-light-grey\">\n    <div class=\"hero-content\">\n        <div class=\"hero-content-inner\">\n        <div class=\"acf-innerblocks-container\">\n\n<h1 class=\"wp-block-heading\">Injection Molding<\/h1>\n\n\n\n<p>NKC is currently a subcontractor in <strong>injection molding for the automotive industry<\/strong>, with a focus on components for <strong>electric power steering systems<\/strong>. We are experts in manufacturing <strong>advanced safety components that combine metal and plastic<\/strong>, requiring high precision and integrated production expertise. <\/p>\n\n\n\n<p>Our injection molding facility consists of four machines \u2013 <strong>two at 350 tons<\/strong> and <strong>two at 75 tons<\/strong> \u2013 and the production lines also include tempering, <strong>washing, and turning<\/strong>, ensuring a complete and automated process from start to finished component.<\/p>\n\n<\/div>        \n    <\/div>\n    <\/div>\n            <div class=\"hero-image\" data-scroll data-scroll-speed=\"-0.1\" data-scroll-direction=\"vertical\">\n            <figure>\n                <img loading=\"lazy\" decoding=\"async\" width=\"1024\" height=\"683\" src=\"https:\/\/nkc-eu.com\/app\/uploads\/2025\/09\/dsc_5151_black.avif\" class=\"attachment-full size-full\" alt=\"\" srcset=\"https:\/\/nkc-eu.com\/app\/uploads\/2025\/09\/dsc_5151_black.avif 1024w, https:\/\/nkc-eu.com\/app\/uploads\/2025\/09\/dsc_5151_black-300x200.avif 300w, https:\/\/nkc-eu.com\/app\/uploads\/2025\/09\/dsc_5151_black-768x512.avif 768w\" sizes=\"auto, (max-width: 1024px) 100vw, 1024px\" \/>            <\/figure>\n        <\/div>\n    <\/div>\n<div class=\"media-text-block wp-block alignfull media-text-block-bg-red\">\n            <div class=\"media-text-image\" data-scroll data-scroll-speed=\"-0.1\" data-scroll-direction=\"vertical\">\n                        <img decoding=\"async\" src=\"https:\/\/nkc-eu.com\/app\/uploads\/2025\/12\/dsc_5135_webred.avif\" alt=\"\" \/>\n        <\/div>\n        <div class=\"wrapper alignwide\">\n    <div class=\"media-text-content\">\n        <div class=\"acf-innerblocks-container\">\n\n<h2 class=\"wp-block-heading\">How it works!<\/h2>\n\n\n\n<p>Injection molding is a process where molten plastic is injected into a mold under high pressure to create parts with precise geometry and surface finish. At NKC, this is combined with metal components to produce robust and safe products that meet the automotive industry\u2019s stringent requirements. <\/p>\n\n\n\n<p>The production lines with tempering, washing, and turning enable an automated and repeatable process, ensuring high quality and minimal tolerances. This comprehensive solution makes NKC a reliable partner for both standardized and custom components in safety-critical applications. <\/p>\n\n<\/div>    <\/div>      \n    <\/div>\n<\/div> \n<div class=\"machine-gallery wp-block alignwide layout-structured\">\n    <div class=\"text-wrapper\">\n                    <h2>See More of Our Machinery<\/h2>\n                    <\/div>\n\n            <div class=\"machine-gallery-grid\">\n                            <div class=\"item\">\n                                                                    <a href=\"https:\/\/nkc-eu.com\/en\/machinery\/hydraulic-presses\/\" class=\"image-wrapper\">\n                                                        <img decoding=\"async\" src=\"https:\/\/nkc-eu.com\/app\/uploads\/2025\/09\/dsc_5090.avif\" alt=\"\" \/>\n                            <h3>Hydraulic Presses<\/h3>\n                        <\/a>\n                                    <\/div>\n                            <div class=\"item\">\n                                                                    <a href=\"http:\/\/nkc-eu.com\/en\/excenterpress\/\" class=\"image-wrapper\">\n                                                        <img decoding=\"async\" src=\"https:\/\/nkc-eu.com\/app\/uploads\/2025\/12\/img_3532-scaled-jpg.webp\" alt=\"\" \/>\n                            <h3>Eccentric Presses<\/h3>\n                        <\/a>\n                                    <\/div>\n                            <div class=\"item\">\n                                                                    <a href=\"https:\/\/nkc-eu.com\/en\/machinery\/transfer-press\/\" class=\"image-wrapper\">\n                                                        <img decoding=\"async\" src=\"https:\/\/nkc-eu.com\/app\/uploads\/2025\/12\/dsc_5045_webny.avif\" alt=\"\" \/>\n                            <h3>Transfer Press<\/h3>\n                        <\/a>\n                                    <\/div>\n                            <div class=\"item\">\n                                                                    <a href=\"https:\/\/nkc-eu.com\/en\/machinery\/lathes\/\" class=\"image-wrapper\">\n                                                        <img decoding=\"async\" src=\"https:\/\/nkc-eu.com\/app\/uploads\/2025\/12\/img_4946_ny.avif\" alt=\"\" \/>\n                            <h3>Lathes<\/h3>\n                        <\/a>\n                                    <\/div>\n                            <div class=\"item\">\n                                                                    <a href=\"https:\/\/nkc-eu.com\/en\/machinery\/laser-cutting\/\" class=\"image-wrapper\">\n                                                        <img decoding=\"async\" src=\"https:\/\/nkc-eu.com\/app\/uploads\/2025\/12\/dsc8787.avif\" alt=\"\" \/>\n                            <h3>Laser Cutting<\/h3>\n                        <\/a>\n                                    <\/div>\n                            <div class=\"item\">\n                                                                    <a href=\"https:\/\/nkc-eu.com\/en\/machinery\/milling-machines\/\" class=\"image-wrapper\">\n                                                        <img decoding=\"async\" src=\"https:\/\/nkc-eu.com\/app\/uploads\/2025\/12\/val2.avif\" alt=\"\" \/>\n                            <h3>Milling Machines<\/h3>\n                        <\/a>\n                                    <\/div>\n                            <div class=\"item\">\n                                                                    <a href=\"https:\/\/nkc-eu.com\/en\/machinery\/manganese-phosphate-coating\/\" class=\"image-wrapper\">\n                                                        <img decoding=\"async\" src=\"https:\/\/nkc-eu.com\/app\/uploads\/2025\/09\/dsc2214_121223_nkc.avif\" alt=\"\" \/>\n                            <h3>Manganese Phosphate Coating<\/h3>\n                        <\/a>\n                                    <\/div>\n                            <div class=\"item\">\n                                                                    <a href=\"https:\/\/nkc-eu.com\/en\/machinery\/blasting\/\" class=\"image-wrapper\">\n                                                        <img decoding=\"async\" src=\"https:\/\/nkc-eu.com\/app\/uploads\/2025\/12\/img_3539-scaled-jpg.webp\" alt=\"\" \/>\n                            <h3>Blasting<\/h3>\n                        <\/a>\n                                    <\/div>\n                            <div class=\"item\">\n                                                                    <a href=\"https:\/\/nkc-eu.com\/en\/machinery\/vibratory-tumbling\/\" class=\"image-wrapper\">\n                                                        <img decoding=\"async\" src=\"https:\/\/nkc-eu.com\/app\/uploads\/2025\/09\/dsc0894_121223_nkc.avif\" alt=\"\" \/>\n                            <h3>Vibratory Tumbling<\/h3>\n                        <\/a>\n                                    <\/div>\n                            <div class=\"item\">\n                                                                    <a href=\"https:\/\/nkc-eu.com\/en\/machinery\/injection-molding\/\" class=\"image-wrapper\">\n                                                        <img decoding=\"async\" src=\"https:\/\/nkc-eu.com\/app\/uploads\/2025\/09\/dsc_5151_black.avif\" alt=\"\" \/>\n                            <h3>Injection Molding<\/h3>\n                        <\/a>\n                                    <\/div>\n                    <\/div>\n    <\/div>","protected":false},"excerpt":{"rendered":"","protected":false},"author":1,"featured_media":0,"parent":333,"menu_order":0,"comment_status":"closed","ping_status":"closed","template":"","meta":{"_acf_changed":false,"footnotes":""},"class_list":["post-1442","page","type-page","status-publish","hentry"],"acf":[],"yoast_head":"<!-- This site is optimized with the Yoast SEO plugin v26.4 - https:\/\/yoast.com\/wordpress\/plugins\/seo\/ -->\n<title>Injection Molding - NKC<\/title>\n<meta name=\"robots\" content=\"noindex, follow, max-snippet:-1, max-image-preview:large, max-video-preview:-1\" \/>\n<meta property=\"og:locale\" content=\"en_US\" \/>\n<meta property=\"og:type\" content=\"article\" \/>\n<meta property=\"og:title\" content=\"Injection Molding - NKC\" \/>\n<meta property=\"og:url\" content=\"https:\/\/nkc-eu.com\/en\/machinery\/injection-molding\/\" \/>\n<meta property=\"og:site_name\" content=\"NKC\" \/>\n<meta property=\"article:modified_time\" content=\"2025-12-17T12:22:13+00:00\" \/>\n<meta name=\"twitter:card\" content=\"summary_large_image\" \/>\n<meta name=\"twitter:label1\" content=\"Est. reading time\" \/>\n\t<meta name=\"twitter:data1\" content=\"1 minute\" \/>\n<script type=\"application\/ld+json\" class=\"yoast-schema-graph\">{\"@context\":\"https:\/\/schema.org\",\"@graph\":[{\"@type\":\"WebPage\",\"@id\":\"https:\/\/nkc-eu.com\/en\/machinery\/injection-molding\/\",\"url\":\"https:\/\/nkc-eu.com\/en\/machinery\/injection-molding\/\",\"name\":\"Injection Molding - NKC\",\"isPartOf\":{\"@id\":\"https:\/\/nkc-eu.com\/#website\"},\"datePublished\":\"2025-09-15T12:04:07+00:00\",\"dateModified\":\"2025-12-17T12:22:13+00:00\",\"breadcrumb\":{\"@id\":\"https:\/\/nkc-eu.com\/en\/machinery\/injection-molding\/#breadcrumb\"},\"inLanguage\":\"en-US\",\"potentialAction\":[{\"@type\":\"ReadAction\",\"target\":[\"https:\/\/nkc-eu.com\/en\/machinery\/injection-molding\/\"]}]},{\"@type\":\"BreadcrumbList\",\"@id\":\"https:\/\/nkc-eu.com\/en\/machinery\/injection-molding\/#breadcrumb\",\"itemListElement\":[{\"@type\":\"ListItem\",\"position\":1,\"name\":\"Home\",\"item\":\"https:\/\/nkc-eu.com\/en\/\"},{\"@type\":\"ListItem\",\"position\":2,\"name\":\"Machinery\",\"item\":\"https:\/\/nkc-eu.com\/en\/machinery\/\"},{\"@type\":\"ListItem\",\"position\":3,\"name\":\"Injection Molding\"}]},{\"@type\":\"WebSite\",\"@id\":\"https:\/\/nkc-eu.com\/#website\",\"url\":\"https:\/\/nkc-eu.com\/\",\"name\":\"NKC\",\"description\":\"Pl\u00e5t- och sk\u00e4rande bearbetning, formsprutning &amp; milj\u00f6teknik\",\"potentialAction\":[{\"@type\":\"SearchAction\",\"target\":{\"@type\":\"EntryPoint\",\"urlTemplate\":\"https:\/\/nkc-eu.com\/?s={search_term_string}\"},\"query-input\":{\"@type\":\"PropertyValueSpecification\",\"valueRequired\":true,\"valueName\":\"search_term_string\"}}],\"inLanguage\":\"en-US\"}]}<\/script>\n<!-- \/ Yoast SEO plugin. -->","yoast_head_json":{"title":"Injection Molding - NKC","robots":{"index":"noindex","follow":"follow","max-snippet":"max-snippet:-1","max-image-preview":"max-image-preview:large","max-video-preview":"max-video-preview:-1"},"og_locale":"en_US","og_type":"article","og_title":"Injection Molding - NKC","og_url":"https:\/\/nkc-eu.com\/en\/machinery\/injection-molding\/","og_site_name":"NKC","article_modified_time":"2025-12-17T12:22:13+00:00","twitter_card":"summary_large_image","twitter_misc":{"Est. reading time":"1 minute"},"schema":{"@context":"https:\/\/schema.org","@graph":[{"@type":"WebPage","@id":"https:\/\/nkc-eu.com\/en\/machinery\/injection-molding\/","url":"https:\/\/nkc-eu.com\/en\/machinery\/injection-molding\/","name":"Injection Molding - NKC","isPartOf":{"@id":"https:\/\/nkc-eu.com\/#website"},"datePublished":"2025-09-15T12:04:07+00:00","dateModified":"2025-12-17T12:22:13+00:00","breadcrumb":{"@id":"https:\/\/nkc-eu.com\/en\/machinery\/injection-molding\/#breadcrumb"},"inLanguage":"en-US","potentialAction":[{"@type":"ReadAction","target":["https:\/\/nkc-eu.com\/en\/machinery\/injection-molding\/"]}]},{"@type":"BreadcrumbList","@id":"https:\/\/nkc-eu.com\/en\/machinery\/injection-molding\/#breadcrumb","itemListElement":[{"@type":"ListItem","position":1,"name":"Home","item":"https:\/\/nkc-eu.com\/en\/"},{"@type":"ListItem","position":2,"name":"Machinery","item":"https:\/\/nkc-eu.com\/en\/machinery\/"},{"@type":"ListItem","position":3,"name":"Injection Molding"}]},{"@type":"WebSite","@id":"https:\/\/nkc-eu.com\/#website","url":"https:\/\/nkc-eu.com\/","name":"NKC","description":"Pl\u00e5t- och sk\u00e4rande bearbetning, formsprutning &amp; milj\u00f6teknik","potentialAction":[{"@type":"SearchAction","target":{"@type":"EntryPoint","urlTemplate":"https:\/\/nkc-eu.com\/?s={search_term_string}"},"query-input":{"@type":"PropertyValueSpecification","valueRequired":true,"valueName":"search_term_string"}}],"inLanguage":"en-US"}]}},"_links":{"self":[{"href":"https:\/\/nkc-eu.com\/en\/wp-json\/wp\/v2\/pages\/1442","targetHints":{"allow":["GET"]}}],"collection":[{"href":"https:\/\/nkc-eu.com\/en\/wp-json\/wp\/v2\/pages"}],"about":[{"href":"https:\/\/nkc-eu.com\/en\/wp-json\/wp\/v2\/types\/page"}],"author":[{"embeddable":true,"href":"https:\/\/nkc-eu.com\/en\/wp-json\/wp\/v2\/users\/1"}],"replies":[{"embeddable":true,"href":"https:\/\/nkc-eu.com\/en\/wp-json\/wp\/v2\/comments?post=1442"}],"version-history":[{"count":3,"href":"https:\/\/nkc-eu.com\/en\/wp-json\/wp\/v2\/pages\/1442\/revisions"}],"predecessor-version":[{"id":1452,"href":"https:\/\/nkc-eu.com\/en\/wp-json\/wp\/v2\/pages\/1442\/revisions\/1452"}],"up":[{"embeddable":true,"href":"https:\/\/nkc-eu.com\/en\/wp-json\/wp\/v2\/pages\/333"}],"wp:attachment":[{"href":"https:\/\/nkc-eu.com\/en\/wp-json\/wp\/v2\/media?parent=1442"}],"curies":[{"name":"wp","href":"https:\/\/api.w.org\/{rel}","templated":true}]}}