
{"id":1470,"date":"2025-12-11T10:45:36","date_gmt":"2025-12-11T09:45:36","guid":{"rendered":"https:\/\/nkc-eu.com\/quality-and-environmental-policy\/"},"modified":"2025-12-19T11:09:24","modified_gmt":"2025-12-19T10:09:24","slug":"quality-and-environmental-policy","status":"publish","type":"page","link":"https:\/\/nkc-eu.com\/en\/quality-and-environmental-policy\/","title":{"rendered":"Quality- and environmental policy"},"content":{"rendered":"\n<div class=\"hero wp-block alignfull hero-bg-light-grey\">\n    <div class=\"hero-content\">\n        <div class=\"hero-content-inner\">\n        <div class=\"acf-innerblocks-container\">\n\n<h1 class=\"wp-block-heading\"><strong>Quality- and environmental policy<\/strong><\/h1>\n\n\n\n<h2 class=\"wp-block-heading\">Quality policy<\/h2>\n\n\n\n<p>NKC Manufacturing AB is the obvious partner for all manufacturing industrial companies in terms of manufacturing, development and expertise in cages and other advanced industrial products.<\/p>\n\n\n\n<p>NKC Manufacturing Sweden AB strives to produce products and provide services that meet customer requirements and expectations. Detta genom att skapa ett levande kvalitetssystem som st\u00e4ndigt utvecklas och f\u00f6rb\u00e4ttras.<\/p>\n\n\n\n<p>Through good working environment everyone in the company helps to continuously improve and develop our business.<\/p>\n\n<\/div>        \n    <\/div>\n    <\/div>\n            <div class=\"hero-image\" data-scroll data-scroll-speed=\"-0.1\" data-scroll-direction=\"vertical\">\n            <figure>\n                <img loading=\"lazy\" decoding=\"async\" width=\"1765\" height=\"755\" src=\"https:\/\/nkc-eu.com\/app\/uploads\/2025\/12\/miljo_header_ny.webp\" class=\"attachment-full size-full\" alt=\"\" srcset=\"https:\/\/nkc-eu.com\/app\/uploads\/2025\/12\/miljo_header_ny.webp 1765w, https:\/\/nkc-eu.com\/app\/uploads\/2025\/12\/miljo_header_ny-300x128.webp 300w, https:\/\/nkc-eu.com\/app\/uploads\/2025\/12\/miljo_header_ny-1024x438.webp 1024w, https:\/\/nkc-eu.com\/app\/uploads\/2025\/12\/miljo_header_ny-768x329.webp 768w, https:\/\/nkc-eu.com\/app\/uploads\/2025\/12\/miljo_header_ny-1536x657.webp 1536w\" sizes=\"auto, (max-width: 1765px) 100vw, 1765px\" \/>            <\/figure>\n        <\/div>\n    <\/div>\n<div class=\"media-text-block wp-block alignfull media-text-block-bg-red\">\n            <div class=\"media-text-image\" data-scroll data-scroll-speed=\"-0.1\" data-scroll-direction=\"vertical\">\n                        <img decoding=\"async\" src=\"https:\/\/nkc-eu.com\/app\/uploads\/2025\/12\/steven-kamenar-mmjx78v7xs8-unsplash-1-scaled.webp\" alt=\"\" \/>\n        <\/div>\n        <div class=\"wrapper alignwide\">\n    <div class=\"media-text-content\">\n        <div class=\"acf-innerblocks-container\">\n\n<h2 class=\"wp-block-heading\">Environmental policy<\/h2>\n\n\n\n<p>Top management shall establish the organization\u2019s environmental policy and ensure that it is complied within the defined scope of the environmental management system.<\/p>\n\n\n\n<p>NKC must, through awareness and consideration for it\u2019s surroundings, employees and customers, work for an environmentally sustainable society. NKC shall work for this through the following commitments:<\/p>\n\n\n\n<ul class=\"wp-block-list\">\n<li>The business must at least comply with current and applicable legislation or other commitments made by the company<\/li>\n\n\n\n<li>Through the employees \u2018knowledge and awareness of the business\u2019 environmental impact, resource consumption will be gradually streamlined and reduced both within the company and towards customers. We do this through a living environmental management system that is constantly being developed and improved<\/li>\n\n\n\n<li>The company\u2019s products must have a low environmental impact with the possibility of reuse and recycling<\/li>\n\n\n\n<li>NKC shall strive to reduce the amount of hazardous waste produced and avoid unjustified use of chemicals<\/li>\n\n\n\n<li>Environmental impact must be considered in business decisions. In connection with procurement of subcontractors, environmentally certified or equivalent suppliers must be chosen in the first instance<\/li>\n\n\n\n<li>NKC must act as a role model in the industry in terms of environmental awareness and environmental impact<\/li>\n\n\n\n<li>Regular checks on compliance with this environmental policy must be made. The results must be measured and reported regularly to owners, employees, and authorities<\/li>\n<\/ul>\n\n<\/div>    <\/div>      \n    <\/div>\n<\/div> ","protected":false},"excerpt":{"rendered":"","protected":false},"author":2,"featured_media":0,"parent":0,"menu_order":0,"comment_status":"closed","ping_status":"closed","template":"","meta":{"_acf_changed":false,"footnotes":""},"class_list":["post-1470","page","type-page","status-publish","hentry"],"acf":[],"yoast_head":"<!-- This site is optimized with the Yoast SEO plugin v26.4 - https:\/\/yoast.com\/wordpress\/plugins\/seo\/ -->\n<title>Quality- and environmental policy - NKC<\/title>\n<meta name=\"description\" content=\"NKC Manufacturing AB is the obvious partner for all manufacturing industrial companies in terms of manufacturing, development and expertise in cages and other advanced industrial products. NKC Manufacturing Sweden AB strives to produce products and provide services that meet customer requirements and expectations. Detta genom att skapa ett levande kvalitetssystem som st\u00e4ndigt utvecklas och f\u00f6rb\u00e4ttras.\" \/>\n<meta name=\"robots\" content=\"noindex, follow, max-snippet:-1, max-image-preview:large, max-video-preview:-1\" \/>\n<meta property=\"og:locale\" content=\"en_US\" \/>\n<meta property=\"og:type\" content=\"article\" \/>\n<meta property=\"og:title\" content=\"Quality- and environmental policy - NKC\" \/>\n<meta property=\"og:description\" content=\"NKC Manufacturing AB is the obvious partner for all manufacturing industrial companies in terms of manufacturing, development and expertise in cages and other advanced industrial products. NKC Manufacturing Sweden AB strives to produce products and provide services that meet customer requirements and expectations. Detta genom att skapa ett levande kvalitetssystem som st\u00e4ndigt utvecklas och f\u00f6rb\u00e4ttras.\" \/>\n<meta property=\"og:url\" content=\"https:\/\/nkc-eu.com\/kvalitet-och-miljopolicy\/\" \/>\n<meta property=\"og:site_name\" content=\"NKC\" \/>\n<meta property=\"article:modified_time\" content=\"2025-12-19T10:09:24+00:00\" \/>\n<meta name=\"twitter:card\" content=\"summary_large_image\" \/>\n<meta name=\"twitter:label1\" content=\"Est. reading time\" \/>\n\t<meta name=\"twitter:data1\" content=\"1 minute\" \/>\n<script type=\"application\/ld+json\" class=\"yoast-schema-graph\">{\"@context\":\"https:\/\/schema.org\",\"@graph\":[{\"@type\":\"WebPage\",\"@id\":\"https:\/\/nkc-eu.com\/kvalitet-och-miljopolicy\/\",\"url\":\"https:\/\/nkc-eu.com\/kvalitet-och-miljopolicy\/\",\"name\":\"Quality- and environmental policy - NKC\",\"isPartOf\":{\"@id\":\"https:\/\/nkc-eu.com\/#website\"},\"datePublished\":\"2025-12-11T09:45:36+00:00\",\"dateModified\":\"2025-12-19T10:09:24+00:00\",\"description\":\"NKC Manufacturing AB is the obvious partner for all manufacturing industrial companies in terms of manufacturing, development and expertise in cages and other advanced industrial products. NKC Manufacturing Sweden AB strives to produce products and provide services that meet customer requirements and expectations. Detta genom att skapa ett levande kvalitetssystem som st\u00e4ndigt utvecklas och f\u00f6rb\u00e4ttras.\",\"breadcrumb\":{\"@id\":\"https:\/\/nkc-eu.com\/kvalitet-och-miljopolicy\/#breadcrumb\"},\"inLanguage\":\"en-US\",\"potentialAction\":[{\"@type\":\"ReadAction\",\"target\":[\"https:\/\/nkc-eu.com\/kvalitet-och-miljopolicy\/\"]}]},{\"@type\":\"BreadcrumbList\",\"@id\":\"https:\/\/nkc-eu.com\/kvalitet-och-miljopolicy\/#breadcrumb\",\"itemListElement\":[{\"@type\":\"ListItem\",\"position\":1,\"name\":\"Home\",\"item\":\"https:\/\/nkc-eu.com\/en\/\"},{\"@type\":\"ListItem\",\"position\":2,\"name\":\"Quality- and environmental policy\"}]},{\"@type\":\"WebSite\",\"@id\":\"https:\/\/nkc-eu.com\/#website\",\"url\":\"https:\/\/nkc-eu.com\/\",\"name\":\"NKC\",\"description\":\"Pl\u00e5t- och sk\u00e4rande bearbetning, formsprutning &amp; milj\u00f6teknik\",\"potentialAction\":[{\"@type\":\"SearchAction\",\"target\":{\"@type\":\"EntryPoint\",\"urlTemplate\":\"https:\/\/nkc-eu.com\/?s={search_term_string}\"},\"query-input\":{\"@type\":\"PropertyValueSpecification\",\"valueRequired\":true,\"valueName\":\"search_term_string\"}}],\"inLanguage\":\"en-US\"}]}<\/script>\n<!-- \/ Yoast SEO plugin. -->","yoast_head_json":{"title":"Quality- and environmental policy - NKC","description":"NKC Manufacturing AB is the obvious partner for all manufacturing industrial companies in terms of manufacturing, development and expertise in cages and other advanced industrial products. NKC Manufacturing Sweden AB strives to produce products and provide services that meet customer requirements and expectations. Detta genom att skapa ett levande kvalitetssystem som st\u00e4ndigt utvecklas och f\u00f6rb\u00e4ttras.","robots":{"index":"noindex","follow":"follow","max-snippet":"max-snippet:-1","max-image-preview":"max-image-preview:large","max-video-preview":"max-video-preview:-1"},"og_locale":"en_US","og_type":"article","og_title":"Quality- and environmental policy - NKC","og_description":"NKC Manufacturing AB is the obvious partner for all manufacturing industrial companies in terms of manufacturing, development and expertise in cages and other advanced industrial products. NKC Manufacturing Sweden AB strives to produce products and provide services that meet customer requirements and expectations. Detta genom att skapa ett levande kvalitetssystem som st\u00e4ndigt utvecklas och f\u00f6rb\u00e4ttras.","og_url":"https:\/\/nkc-eu.com\/kvalitet-och-miljopolicy\/","og_site_name":"NKC","article_modified_time":"2025-12-19T10:09:24+00:00","twitter_card":"summary_large_image","twitter_misc":{"Est. reading time":"1 minute"},"schema":{"@context":"https:\/\/schema.org","@graph":[{"@type":"WebPage","@id":"https:\/\/nkc-eu.com\/kvalitet-och-miljopolicy\/","url":"https:\/\/nkc-eu.com\/kvalitet-och-miljopolicy\/","name":"Quality- and environmental policy - NKC","isPartOf":{"@id":"https:\/\/nkc-eu.com\/#website"},"datePublished":"2025-12-11T09:45:36+00:00","dateModified":"2025-12-19T10:09:24+00:00","description":"NKC Manufacturing AB is the obvious partner for all manufacturing industrial companies in terms of manufacturing, development and expertise in cages and other advanced industrial products. NKC Manufacturing Sweden AB strives to produce products and provide services that meet customer requirements and expectations. Detta genom att skapa ett levande kvalitetssystem som st\u00e4ndigt utvecklas och f\u00f6rb\u00e4ttras.","breadcrumb":{"@id":"https:\/\/nkc-eu.com\/kvalitet-och-miljopolicy\/#breadcrumb"},"inLanguage":"en-US","potentialAction":[{"@type":"ReadAction","target":["https:\/\/nkc-eu.com\/kvalitet-och-miljopolicy\/"]}]},{"@type":"BreadcrumbList","@id":"https:\/\/nkc-eu.com\/kvalitet-och-miljopolicy\/#breadcrumb","itemListElement":[{"@type":"ListItem","position":1,"name":"Home","item":"https:\/\/nkc-eu.com\/en\/"},{"@type":"ListItem","position":2,"name":"Quality- and environmental policy"}]},{"@type":"WebSite","@id":"https:\/\/nkc-eu.com\/#website","url":"https:\/\/nkc-eu.com\/","name":"NKC","description":"Pl\u00e5t- och sk\u00e4rande bearbetning, formsprutning &amp; milj\u00f6teknik","potentialAction":[{"@type":"SearchAction","target":{"@type":"EntryPoint","urlTemplate":"https:\/\/nkc-eu.com\/?s={search_term_string}"},"query-input":{"@type":"PropertyValueSpecification","valueRequired":true,"valueName":"search_term_string"}}],"inLanguage":"en-US"}]}},"_links":{"self":[{"href":"https:\/\/nkc-eu.com\/en\/wp-json\/wp\/v2\/pages\/1470","targetHints":{"allow":["GET"]}}],"collection":[{"href":"https:\/\/nkc-eu.com\/en\/wp-json\/wp\/v2\/pages"}],"about":[{"href":"https:\/\/nkc-eu.com\/en\/wp-json\/wp\/v2\/types\/page"}],"author":[{"embeddable":true,"href":"https:\/\/nkc-eu.com\/en\/wp-json\/wp\/v2\/users\/2"}],"replies":[{"embeddable":true,"href":"https:\/\/nkc-eu.com\/en\/wp-json\/wp\/v2\/comments?post=1470"}],"version-history":[{"count":2,"href":"https:\/\/nkc-eu.com\/en\/wp-json\/wp\/v2\/pages\/1470\/revisions"}],"predecessor-version":[{"id":1615,"href":"https:\/\/nkc-eu.com\/en\/wp-json\/wp\/v2\/pages\/1470\/revisions\/1615"}],"wp:attachment":[{"href":"https:\/\/nkc-eu.com\/en\/wp-json\/wp\/v2\/media?parent=1470"}],"curies":[{"name":"wp","href":"https:\/\/api.w.org\/{rel}","templated":true}]}}