
{"id":1595,"date":"2025-08-11T11:55:59","date_gmt":"2025-08-11T09:55:59","guid":{"rendered":"https:\/\/nkc-eu.com\/contact\/"},"modified":"2026-03-17T11:26:08","modified_gmt":"2026-03-17T10:26:08","slug":"contact","status":"publish","type":"page","link":"https:\/\/nkc-eu.com\/en\/contact\/","title":{"rendered":"Contact"},"content":{"rendered":"\n<div class=\"hero wp-block alignfull hero-bg-light-grey\">\n    <div class=\"hero-content\">\n        <div class=\"hero-content-inner\">\n        <div class=\"acf-innerblocks-container\">\n\n<h1 class=\"wp-block-heading\">Contact us<\/h1>\n\n\n\n<p>Do you have questions or want to get in touch with the right person at NKC? We are here to help you. Don\u2019t hesitate to reach out.  <\/p>\n\n<\/div>        \n    <\/div>\n    <\/div>\n            <div class=\"hero-image\" data-scroll data-scroll-speed=\"-0.1\" data-scroll-direction=\"vertical\">\n            <figure>\n                <img loading=\"lazy\" decoding=\"async\" width=\"1920\" height=\"1281\" src=\"https:\/\/nkc-eu.com\/app\/uploads\/2025\/09\/dsc0963_121223_nkc.avif\" class=\"attachment-full size-full\" alt=\"\" srcset=\"https:\/\/nkc-eu.com\/app\/uploads\/2025\/09\/dsc0963_121223_nkc.avif 1920w, https:\/\/nkc-eu.com\/app\/uploads\/2025\/09\/dsc0963_121223_nkc-300x200.avif 300w, https:\/\/nkc-eu.com\/app\/uploads\/2025\/09\/dsc0963_121223_nkc-1024x683.avif 1024w, https:\/\/nkc-eu.com\/app\/uploads\/2025\/09\/dsc0963_121223_nkc-768x512.avif 768w, https:\/\/nkc-eu.com\/app\/uploads\/2025\/09\/dsc0963_121223_nkc-1536x1025.avif 1536w\" sizes=\"auto, (max-width: 1920px) 100vw, 1920px\" \/>            <\/figure>\n        <\/div>\n    <\/div>\n<div class=\"coworkers-block wp-block alignwide\">\n    <h2>Management<\/h2>    <div class=\"coworkers-list\">\n            <div class=\"coworker\">\n                <figure>\n                <img loading=\"lazy\" decoding=\"async\" width=\"769\" height=\"822\" src=\"https:\/\/nkc-eu.com\/app\/uploads\/2025\/09\/acdff97aceb346e7431942ca738855a0c002a76e.avif\" class=\"attachment-full size-full\" alt=\"\" srcset=\"https:\/\/nkc-eu.com\/app\/uploads\/2025\/09\/acdff97aceb346e7431942ca738855a0c002a76e.avif 769w, https:\/\/nkc-eu.com\/app\/uploads\/2025\/09\/acdff97aceb346e7431942ca738855a0c002a76e-281x300.avif 281w\" sizes=\"auto, (max-width: 769px) 100vw, 769px\" \/>                <\/figure>\n                <div class=\"coworker-content\">\n                    <h4>Kazuhiro Murakami<\/h4>\n                    <p>Managing Director<\/p>                    <a href=\"tel:+46 101 780 415\">+46 101 780 415<\/a><a href=\"tel:+46 705 111 552\">+46 705 111 552<\/a>                    <a class=\"email\" href=\"mailto:Kazuhiro.murakami@nkc-eu.com\">Kazuhiro.murakami@nkc-eu.com<\/a>                <\/div>\n            <\/div>\n                    <div class=\"coworker\">\n                <figure>\n                <img loading=\"lazy\" decoding=\"async\" width=\"769\" height=\"822\" src=\"https:\/\/nkc-eu.com\/app\/uploads\/2025\/09\/b1fb2bb629f63fc7143dc2205439d33ee5a6c40d.avif\" class=\"attachment-full size-full\" alt=\"\" srcset=\"https:\/\/nkc-eu.com\/app\/uploads\/2025\/09\/b1fb2bb629f63fc7143dc2205439d33ee5a6c40d.avif 769w, https:\/\/nkc-eu.com\/app\/uploads\/2025\/09\/b1fb2bb629f63fc7143dc2205439d33ee5a6c40d-281x300.avif 281w\" sizes=\"auto, (max-width: 769px) 100vw, 769px\" \/>                <\/figure>\n                <div class=\"coworker-content\">\n                    <h4>Johan Carlson<\/h4>\n                    <p>Management and sales<\/p>                    <a href=\"tel:+46 101 780 409\">+46 101 780 409<\/a><a href=\"tel:+46 70 637 25 09\">+46 70 637 25 09<\/a>                    <a class=\"email\" href=\"mailto:Johan.Carlson@nkc-eu.com\">Johan.Carlson@nkc-eu.com<\/a>                <\/div>\n            <\/div>\n                    <div class=\"coworker\">\n                <figure>\n                <img loading=\"lazy\" decoding=\"async\" width=\"563\" height=\"600\" src=\"https:\/\/nkc-eu.com\/app\/uploads\/2025\/09\/6ddf3aff7f64b9314f04977969a770e380821102.avif\" class=\"attachment-full size-full\" alt=\"\" srcset=\"https:\/\/nkc-eu.com\/app\/uploads\/2025\/09\/6ddf3aff7f64b9314f04977969a770e380821102.avif 563w, https:\/\/nkc-eu.com\/app\/uploads\/2025\/09\/6ddf3aff7f64b9314f04977969a770e380821102-282x300.avif 282w\" sizes=\"auto, (max-width: 563px) 100vw, 563px\" \/>                <\/figure>\n                <div class=\"coworker-content\">\n                    <h4>Patrick Nilsson<\/h4>\n                    <p>Technology and manufacturing<\/p>                    <a href=\"tel:+46 101 780 419\">+46 101 780 419<\/a><a href=\"tel:+46 703 111 538\">+46 703 111 538<\/a>                    <a class=\"email\" href=\"mailto:Patrick.Nilsson@nkc-eu.com\">Patrick.Nilsson@nkc-eu.com<\/a>                <\/div>\n            <\/div>\n                    <div class=\"coworker\">\n                <figure>\n                <img loading=\"lazy\" decoding=\"async\" width=\"563\" height=\"600\" src=\"https:\/\/nkc-eu.com\/app\/uploads\/2025\/09\/8512b54c74e8e475bd438c828d9b1deae81eda96.avif\" class=\"attachment-full size-full\" alt=\"\" srcset=\"https:\/\/nkc-eu.com\/app\/uploads\/2025\/09\/8512b54c74e8e475bd438c828d9b1deae81eda96.avif 563w, https:\/\/nkc-eu.com\/app\/uploads\/2025\/09\/8512b54c74e8e475bd438c828d9b1deae81eda96-282x300.avif 282w\" sizes=\"auto, (max-width: 563px) 100vw, 563px\" \/>                <\/figure>\n                <div class=\"coworker-content\">\n                    <h4>Roger Jonson<\/h4>\n                    <p>CTO<\/p>                    <a href=\"tel:+46 101 780 415\">+46 101 780 415<\/a><a href=\"tel:+46 705 111 552\">+46 705 111 552<\/a>                    <a class=\"email\" href=\"mailto:Roger.Jonson@nkc-eu.com\">Roger.Jonson@nkc-eu.com<\/a>                <\/div>\n            <\/div>\n                    <div class=\"coworker\">\n                <figure>\n                <img loading=\"lazy\" decoding=\"async\" width=\"769\" height=\"822\" src=\"https:\/\/nkc-eu.com\/app\/uploads\/2025\/09\/e088cb692b0564f6bef293e81f36804259c14e2e.avif\" class=\"attachment-full size-full\" alt=\"\" srcset=\"https:\/\/nkc-eu.com\/app\/uploads\/2025\/09\/e088cb692b0564f6bef293e81f36804259c14e2e.avif 769w, https:\/\/nkc-eu.com\/app\/uploads\/2025\/09\/e088cb692b0564f6bef293e81f36804259c14e2e-281x300.avif 281w\" sizes=\"auto, (max-width: 769px) 100vw, 769px\" \/>                <\/figure>\n                <div class=\"coworker-content\">\n                    <h4>Catarina Olsson<\/h4>\n                    <p>CFO<\/p>                    <a href=\"tel:+46 101 780 494\">+46 101 780 494<\/a><a href=\"tel:+46 702 571 094\">+46 702 571 094<\/a>                    <a class=\"email\" href=\"mailto:Catarina.Olsson@nkc-eu.com\">Catarina.Olsson@nkc-eu.com<\/a>                <\/div>\n            <\/div>\n                    <div class=\"coworker\">\n                <figure>\n                <img loading=\"lazy\" decoding=\"async\" width=\"563\" height=\"600\" src=\"https:\/\/nkc-eu.com\/app\/uploads\/2025\/09\/41d588b7af666f85def375ef267e21efedf3cfe2.avif\" class=\"attachment-full size-full\" alt=\"\" srcset=\"https:\/\/nkc-eu.com\/app\/uploads\/2025\/09\/41d588b7af666f85def375ef267e21efedf3cfe2.avif 563w, https:\/\/nkc-eu.com\/app\/uploads\/2025\/09\/41d588b7af666f85def375ef267e21efedf3cfe2-282x300.avif 282w\" sizes=\"auto, (max-width: 563px) 100vw, 563px\" \/>                <\/figure>\n                <div class=\"coworker-content\">\n                    <h4>Mats Dahlgren<\/h4>\n                    <p>Quality Manager<\/p>                    <a href=\"tel:+46 101 780 408\">+46 101 780 408<\/a><a href=\"tel:+46 702 862 114\">+46 702 862 114<\/a>                    <a class=\"email\" href=\"mailto:Mats.Dahlgren@nkc-eu.com\">Mats.Dahlgren@nkc-eu.com<\/a>                <\/div>\n            <\/div>\n                    <div class=\"coworker\">\n                <figure>\n                <img loading=\"lazy\" decoding=\"async\" width=\"563\" height=\"600\" src=\"https:\/\/nkc-eu.com\/app\/uploads\/2025\/09\/483463dbbf1df800d004e1eb9a1cc781ec478f1e.avif\" class=\"attachment-full size-full\" alt=\"\" srcset=\"https:\/\/nkc-eu.com\/app\/uploads\/2025\/09\/483463dbbf1df800d004e1eb9a1cc781ec478f1e.avif 563w, https:\/\/nkc-eu.com\/app\/uploads\/2025\/09\/483463dbbf1df800d004e1eb9a1cc781ec478f1e-282x300.avif 282w\" sizes=\"auto, (max-width: 563px) 100vw, 563px\" \/>                <\/figure>\n                <div class=\"coworker-content\">\n                    <h4>Anna Sj\u00e5stad<\/h4>\n                    <p>HR&amp;S<\/p>                    <a href=\"tel:+46 101 780 426\">+46 101 780 426<\/a><a href=\"tel:+46 706 471 306\">+46 706 471 306<\/a>                    <a class=\"email\" href=\"mailto:Anna.Sjastad@nkc-eu.com\">Anna.Sjastad@nkc-eu.com<\/a>                <\/div>\n            <\/div>\n            <\/div>\n<\/div>\n<div class=\"wp-block-columns alignwide has-red-background-color has-background is-layout-flex wp-container-core-columns-is-layout-2e206ff4 wp-block-columns-is-layout-flex\" style=\"border-radius:6px;padding-top:var(--wp--preset--spacing--50);padding-right:var(--wp--preset--spacing--60);padding-bottom:var(--wp--preset--spacing--50);padding-left:var(--wp--preset--spacing--60)\">\n<div class=\"wp-block-column is-layout-flow wp-block-column-is-layout-flow\" style=\"flex-basis:240px\">\n<h2 class=\"wp-block-heading has-white-color has-text-color has-link-color wp-elements-4bd2b876cae7c2cbf6a9d41fb62d4044\">E-mail<\/h2>\n\n\n\n<p class=\"has-white-color has-text-color has-link-color wp-elements-aed153b57375ad15ed843e7be69db4e1\"><strong><a href=\"mailto:info@nkc-eu.com\">info@nkc-eu.com<\/a><\/strong><\/p>\n<\/div>\n\n\n\n<div class=\"wp-block-column is-layout-flow wp-block-column-is-layout-flow\" style=\"flex-basis:240px\">\n<h2 class=\"wp-block-heading has-white-color has-text-color has-link-color wp-elements-64f991980b5745fe9eeb753beee603c1\">Phone<\/h2>\n\n\n\n<p class=\"has-white-color has-text-color has-link-color wp-elements-a9efb5688985b4307651570b6a7ee057\"><strong><a href=\"tel:+46%20101%20780%20400\">+46 101 780 400<\/a><\/strong><\/p>\n<\/div>\n\n\n\n<div class=\"wp-block-column is-layout-flow wp-block-column-is-layout-flow\" style=\"flex-basis:240px\">\n<h2 class=\"wp-block-heading has-white-color has-text-color has-link-color wp-elements-41dd5e1b4b55c740551625e0014da73a\">Address<\/h2>\n\n\n\n<p class=\"has-white-color has-text-color has-link-color wp-elements-688bd14c6f4311ae3177bf8ae068bb27\"><strong>Kvibergsbrov\u00e4gen 10<\/strong><\/p>\n\n\n\n<p class=\"has-white-color has-text-color has-link-color wp-elements-81f673b79ae91848dfd66a9fa600197c\"><strong>415 05 Gothenburg<\/strong><\/p>\n<\/div>\n<\/div>\n","protected":false},"excerpt":{"rendered":"<p>E-mail info@nkc-eu.com Phone +46 101 780 400 Address Kvibergsbrov\u00e4gen 10 415 05 Gothenburg<\/p>\n","protected":false},"author":1,"featured_media":0,"parent":0,"menu_order":0,"comment_status":"closed","ping_status":"closed","template":"","meta":{"_acf_changed":false,"footnotes":""},"class_list":["post-1595","page","type-page","status-publish","hentry"],"acf":[],"yoast_head":"<!-- This site is optimized with the Yoast SEO plugin v26.4 - https:\/\/yoast.com\/wordpress\/plugins\/seo\/ -->\n<title>Contact - NKC<\/title>\n<meta name=\"robots\" content=\"noindex, follow, max-snippet:-1, max-image-preview:large, max-video-preview:-1\" \/>\n<meta property=\"og:locale\" content=\"en_US\" \/>\n<meta property=\"og:type\" content=\"article\" \/>\n<meta property=\"og:title\" content=\"Contact - NKC\" \/>\n<meta property=\"og:description\" content=\"E-mail info@nkc-eu.com Phone +46 101 780 400 Address Kvibergsbrov\u00e4gen 10 415 05 Gothenburg\" \/>\n<meta property=\"og:url\" content=\"https:\/\/nkc-eu.com\/en\/contact\/\" \/>\n<meta property=\"og:site_name\" content=\"NKC\" \/>\n<meta property=\"article:modified_time\" content=\"2026-03-17T10:26:08+00:00\" \/>\n<meta name=\"twitter:card\" content=\"summary_large_image\" \/>\n<script type=\"application\/ld+json\" class=\"yoast-schema-graph\">{\"@context\":\"https:\/\/schema.org\",\"@graph\":[{\"@type\":\"WebPage\",\"@id\":\"https:\/\/nkc-eu.com\/en\/contact\/\",\"url\":\"https:\/\/nkc-eu.com\/en\/contact\/\",\"name\":\"Contact - NKC\",\"isPartOf\":{\"@id\":\"https:\/\/nkc-eu.com\/#website\"},\"datePublished\":\"2025-08-11T09:55:59+00:00\",\"dateModified\":\"2026-03-17T10:26:08+00:00\",\"breadcrumb\":{\"@id\":\"https:\/\/nkc-eu.com\/en\/contact\/#breadcrumb\"},\"inLanguage\":\"en-US\",\"potentialAction\":[{\"@type\":\"ReadAction\",\"target\":[\"https:\/\/nkc-eu.com\/en\/contact\/\"]}]},{\"@type\":\"BreadcrumbList\",\"@id\":\"https:\/\/nkc-eu.com\/en\/contact\/#breadcrumb\",\"itemListElement\":[{\"@type\":\"ListItem\",\"position\":1,\"name\":\"Home\",\"item\":\"https:\/\/nkc-eu.com\/en\/\"},{\"@type\":\"ListItem\",\"position\":2,\"name\":\"Contact\"}]},{\"@type\":\"WebSite\",\"@id\":\"https:\/\/nkc-eu.com\/#website\",\"url\":\"https:\/\/nkc-eu.com\/\",\"name\":\"NKC\",\"description\":\"Pl\u00e5t- och sk\u00e4rande bearbetning, formsprutning &amp; milj\u00f6teknik\",\"potentialAction\":[{\"@type\":\"SearchAction\",\"target\":{\"@type\":\"EntryPoint\",\"urlTemplate\":\"https:\/\/nkc-eu.com\/?s={search_term_string}\"},\"query-input\":{\"@type\":\"PropertyValueSpecification\",\"valueRequired\":true,\"valueName\":\"search_term_string\"}}],\"inLanguage\":\"en-US\"}]}<\/script>\n<!-- \/ Yoast SEO plugin. -->","yoast_head_json":{"title":"Contact - NKC","robots":{"index":"noindex","follow":"follow","max-snippet":"max-snippet:-1","max-image-preview":"max-image-preview:large","max-video-preview":"max-video-preview:-1"},"og_locale":"en_US","og_type":"article","og_title":"Contact - NKC","og_description":"E-mail info@nkc-eu.com Phone +46 101 780 400 Address Kvibergsbrov\u00e4gen 10 415 05 Gothenburg","og_url":"https:\/\/nkc-eu.com\/en\/contact\/","og_site_name":"NKC","article_modified_time":"2026-03-17T10:26:08+00:00","twitter_card":"summary_large_image","schema":{"@context":"https:\/\/schema.org","@graph":[{"@type":"WebPage","@id":"https:\/\/nkc-eu.com\/en\/contact\/","url":"https:\/\/nkc-eu.com\/en\/contact\/","name":"Contact - NKC","isPartOf":{"@id":"https:\/\/nkc-eu.com\/#website"},"datePublished":"2025-08-11T09:55:59+00:00","dateModified":"2026-03-17T10:26:08+00:00","breadcrumb":{"@id":"https:\/\/nkc-eu.com\/en\/contact\/#breadcrumb"},"inLanguage":"en-US","potentialAction":[{"@type":"ReadAction","target":["https:\/\/nkc-eu.com\/en\/contact\/"]}]},{"@type":"BreadcrumbList","@id":"https:\/\/nkc-eu.com\/en\/contact\/#breadcrumb","itemListElement":[{"@type":"ListItem","position":1,"name":"Home","item":"https:\/\/nkc-eu.com\/en\/"},{"@type":"ListItem","position":2,"name":"Contact"}]},{"@type":"WebSite","@id":"https:\/\/nkc-eu.com\/#website","url":"https:\/\/nkc-eu.com\/","name":"NKC","description":"Pl\u00e5t- och sk\u00e4rande bearbetning, formsprutning &amp; milj\u00f6teknik","potentialAction":[{"@type":"SearchAction","target":{"@type":"EntryPoint","urlTemplate":"https:\/\/nkc-eu.com\/?s={search_term_string}"},"query-input":{"@type":"PropertyValueSpecification","valueRequired":true,"valueName":"search_term_string"}}],"inLanguage":"en-US"}]}},"_links":{"self":[{"href":"https:\/\/nkc-eu.com\/en\/wp-json\/wp\/v2\/pages\/1595","targetHints":{"allow":["GET"]}}],"collection":[{"href":"https:\/\/nkc-eu.com\/en\/wp-json\/wp\/v2\/pages"}],"about":[{"href":"https:\/\/nkc-eu.com\/en\/wp-json\/wp\/v2\/types\/page"}],"author":[{"embeddable":true,"href":"https:\/\/nkc-eu.com\/en\/wp-json\/wp\/v2\/users\/1"}],"replies":[{"embeddable":true,"href":"https:\/\/nkc-eu.com\/en\/wp-json\/wp\/v2\/comments?post=1595"}],"version-history":[{"count":5,"href":"https:\/\/nkc-eu.com\/en\/wp-json\/wp\/v2\/pages\/1595\/revisions"}],"predecessor-version":[{"id":1702,"href":"https:\/\/nkc-eu.com\/en\/wp-json\/wp\/v2\/pages\/1595\/revisions\/1702"}],"wp:attachment":[{"href":"https:\/\/nkc-eu.com\/en\/wp-json\/wp\/v2\/media?parent=1595"}],"curies":[{"name":"wp","href":"https:\/\/api.w.org\/{rel}","templated":true}]}}