
{"id":24,"date":"2025-08-11T11:27:36","date_gmt":"2025-08-11T09:27:36","guid":{"rendered":"http:\/\/nkc-eu.com\/home\/"},"modified":"2026-03-27T09:10:42","modified_gmt":"2026-03-27T08:10:42","slug":"home","status":"publish","type":"page","link":"https:\/\/nkc-eu.com\/en\/","title":{"rendered":"Home"},"content":{"rendered":"\n<div class=\"hero wp-block alignfull hero-bg-light-grey\">\n    <div class=\"hero-content\">\n        <div class=\"hero-content-inner\">\n        <div class=\"acf-innerblocks-container\">\n\n<h1 class=\"wp-block-heading\">NKC Sweden \u2013 your Innovative Partner and the Company for You<\/h1>\n\n\n\n<p>NKC Sweden is a Swedish industrial company that manufactures and supplies industrial products and services to world-leading industrial companies. We primarily produce pressed, punched, surface-treated, machined, and injection-molded products with high precision. We are also continuously exploring new business areas and are prepared to invest in long-term partnerships with new customers.<\/p>\n\n\n\n<div class=\"wp-block-buttons is-layout-flex wp-block-buttons-is-layout-flex\">\n<div class=\"wp-block-button is-style-adco-arrow-button is-style-nkc-fill-button\"><a class=\"wp-block-button__link wp-element-button\" href=\"https:\/\/nkc-eu.com\/\/en\/business-areas\/\">Read more about our business areas<\/a><\/div>\n<\/div>\n\n<\/div>        \n    <\/div>\n    <\/div>\n            <div class=\"hero-image hero-video\" data-scroll data-scroll-speed=\"-0.1\" data-scroll-direction=\"vertical\">\n            <figure>\n                            <video autoplay muted loop playsinline>\n                    <source src=\"https:\/\/nkc-eu.com\/app\/uploads\/2026\/03\/nkc_film_2026_no_p_comp-1.mp4\" type=\"video\/mp4\">\n                <\/video>\n            <\/figure>\n        <\/div>\n    <\/div>\n\n\n<div class=\"wp-block-group alignfull is-layout-constrained wp-block-group-is-layout-constrained\">\n<div class=\"wp-block-group alignwide is-content-justification-left is-layout-constrained wp-container-core-group-is-layout-12dd3699 wp-block-group-is-layout-constrained\">\n<h2 class=\"wp-block-heading alignwide\">Our Business Areas<\/h2>\n\n\n\n<p>We operate in four business areas that together cover the entire production flow: pressing &amp; punching, machining, injection molding, and surface treatment. With extensive experience and modern technology, we support customers who require high precision, efficient production, and quality in every detail.<\/p>\n\n\n\n<p>We are also open to investing in new business areas when there is a long-term need from our customers.<\/p>\n<\/div>\n\n\n\n<div class=\"business-area wp-block alignfull\">\n    <div class=\"text-wrapper alignwide\">\n                    <\/div>\n            <div class=\"business-areas-grid\">\n                                            <a class=\"item\" href=\"https:\/\/nkc-eu.com\/en\/business-areas\/pressing-and-punching\/\" target=\"\">\n                                            <div class=\"image-wrapper\">\n                                                        <img decoding=\"async\" src=\"https:\/\/nkc-eu.com\/app\/uploads\/2025\/09\/dsc_5090.avif\" alt=\"\" \/>\n                        <\/div>\n                                        \n                    <div class=\"business-content\">\n                                                    <h2>Pressing and Punching<\/h2>\n                                                \n                                                    <p>We also manufacture pressed and punched components in both small and large series. With hydraulic and mechanical presses up to 2,500 tons, we deliver high precision, stable processes, and flexible capacity for the bearing, automotive, and engineering industries. <\/p>\n                                            <\/div>\n                <\/a>\n                                            <a class=\"item\" href=\"https:\/\/nkc-eu.com\/en\/business-areas\/cutting-machining-and-milling-processes\/\" target=\"\">\n                                            <div class=\"image-wrapper\">\n                                                        <img decoding=\"async\" src=\"https:\/\/nkc-eu.com\/app\/uploads\/2025\/12\/val2.avif\" alt=\"\" \/>\n                        <\/div>\n                                        \n                    <div class=\"business-content\">\n                                                    <h2>Cutting, Machining and Milling Processes<\/h2>\n                                                \n                                                    <p>We provide cutting machining and milling processes for the bearing industry and other demanding applications. Using advanced multi-axis machines with pallet changing and robotic automation, we machine large and complex components up to \u00d8 2000 mm with high precision, consistent quality and efficient production. <\/p>\n                                            <\/div>\n                <\/a>\n                                            <a class=\"item\" href=\"https:\/\/nkc-eu.com\/en\/business-areas\/surface-treatment\/\" target=\"\">\n                                            <div class=\"image-wrapper\">\n                                                        <img decoding=\"async\" src=\"https:\/\/nkc-eu.com\/app\/uploads\/2025\/09\/dsc_5273_web.avif\" alt=\"\" \/>\n                        <\/div>\n                                        \n                    <div class=\"business-content\">\n                                                    <h2>Surface Treatment<\/h2>\n                                                \n                                                    <p>We offer fully automated and manual manganese phosphating as well as advanced blasting. With capacity for parts up to 2,500 mm in diameter, we ensure durability, cleanliness, and surface performance at every stage of the process. <\/p>\n                                            <\/div>\n                <\/a>\n                                            <a class=\"item\" href=\"https:\/\/nkc-eu.com\/en\/business-areas\/injection-molding\/\" target=\"\">\n                                            <div class=\"image-wrapper\">\n                                                        <img decoding=\"async\" src=\"https:\/\/nkc-eu.com\/app\/uploads\/2025\/09\/dsc1353_121223_nkc.avif\" alt=\"\" \/>\n                        <\/div>\n                                        \n                    <div class=\"business-content\">\n                                                    <h2>Injection Molding<\/h2>\n                                                \n                                                    <p>In injection molding, NKC is today an established subcontractor for the automotive industry. We manufacture components for electric power steering systems and specialize in advanced safety parts that combine metal and plastic. <\/p>\n                                            <\/div>\n                <\/a>\n                    <\/div>\n        \n<\/div>\n<\/div>\n\n\n\n<div class=\"cad-media-text wp-block alignwide\">\n    <div class=\"content\">\n        <div class=\"cad-text-section\">\n            <div class=\"acf-innerblocks-container\">\n\n<h2 class=\"wp-block-heading\">About Us<\/h2>\n\n\n\n<p>We are a Swedish industrial company with Japanese ownership and long experience in advanced component manufacturing. Our expertise includes pressing, laser cutting, milling, surface treatment, and injection molding \u2013 all to deliver high-quality products to world-leading industrial companies.<\/p>\n\n\n\n<h3 class=\"wp-block-heading\">Global Presence \u2013 Local Strength<\/h3>\n\n\n\n<p>The NKC Group operates manufacturing facilities in Europe, Asia, and the United States. This makes us a reliable partner for both local and global production needs.<\/p>\n\n\n\n<h3 class=\"wp-block-heading\">Ready to Invest in the Future<\/h3>\n\n\n\n<p>We are actively seeking new collaborations and are prepared to invest in new production for long-term partnerships. Are you planning to establish manufacturing in Europe or globally? Contact us \u2013 we have the capacity and experience?<\/p>\n\n\n\n<div class=\"wp-block-buttons is-layout-flex wp-block-buttons-is-layout-flex\">\n<div class=\"wp-block-button is-style-nkc-fill-button\"><a class=\"wp-block-button__link wp-element-button\" href=\"https:\/\/nkc-eu.com\/en\/about-us\/\">Read more about our business areas<\/a><\/div>\n<\/div>\n\n<\/div>        <\/div>\n        \n        <div class=\"cad-drawing-section\">\n            <div class=\"cad-drawing\">\n                <?xml version=\"1.0\" encoding=\"UTF-8\"?>\n<svg class=\"ritning-01-animated\" id=\"Lager_3\" xmlns=\"http:\/\/www.w3.org\/2000\/svg\" version=\"1.1\" viewBox=\"0 0 300 127.05\">\n  <!-- Generator: Adobe Illustrator 29.7.1, SVG Export Plug-In . SVG Version: 2.1.1 Build 8)  -->\n  <defs>\n    <style>\n      .st0, .st1, .st2, .st3, .st4, .st5, .st6 {\n        fill: none;\n        stroke-linejoin: round;\n      }\n\n      .st0, .st1, .st4, .st6 {\n        stroke-linecap: round;\n      }\n\n      .st0, .st6 {\n        stroke: #a22b00;\n      }\n\n      .st1, .st2, .st3, .st4, .st5 {\n        stroke: #000;\n      }\n\n      .st2 {\n        stroke-width: 2px;\n      }\n\n      .st3, .st4, .st6 {\n        stroke-width: .5px;\n      }\n    <\/style>\n  <\/defs>\n  <g class=\"drawing-container\" data-gsap-timeline>\n    <rect class=\"st1 gsap-animate\" x=\".5\" y=\"58.18\" width=\"458.44\" height=\"68.36\"\/>\n    <rect class=\"st1 gsap-animate\" x=\"46.11\" y=\"15.9\" width=\"367.22\" height=\"15.46\"\/>\n    <polyline class=\"st1 gsap-animate\" points=\"106.05 15.9 108.57 .5 351.34 .5 353.72 15.9\"\/>\n    <g class=\"drawing-container\" data-gsap-timeline>\n      <polyline class=\"st1 gsap-animate\" points=\"74.38 15.9 74.38 10.1 98.54 10.1 98.54 15.9\"\/>\n      <polyline class=\"st1 gsap-animate\" points=\"74.38 10.1 76.71 1.4 96.21 1.4 98.54 10.1\"\/>\n    <\/g>\n    <g class=\"drawing-container\" data-gsap-timeline>\n      <polyline class=\"st1 gsap-animate\" points=\"217.64 15.9 217.64 10.1 241.8 10.1 241.8 15.9\"\/>\n      <polyline class=\"st1 gsap-animate\" points=\"217.64 10.1 219.97 1.4 239.47 1.4 241.8 10.1\"\/>\n    <\/g>\n    <g class=\"drawing-container\" data-gsap-timeline>\n      <polyline class=\"st1 gsap-animate\" points=\"360.9 15.9 360.9 10.1 385.06 10.1 385.06 15.9\"\/>\n      <polyline class=\"st1 gsap-animate\" points=\"360.9 10.1 363.23 1.4 382.73 1.4 385.06 10.1\"\/>\n    <\/g>\n    <g class=\"drawing-container\" data-gsap-timeline>\n      <line class=\"st1 gsap-animate\" x1=\"73.1\" y1=\"31.36\" x2=\"73.1\" y2=\"58.9\"\/>\n      <line class=\"st1 gsap-animate\" x1=\"88.56\" y1=\"31.36\" x2=\"88.56\" y2=\"58.9\"\/>\n      <line class=\"st1 gsap-animate\" x1=\"102.5\" y1=\"31.36\" x2=\"102.5\" y2=\"58.9\"\/>\n    <\/g>\n    <g class=\"drawing-container\" data-gsap-timeline>\n      <line class=\"st1 gsap-animate\" x1=\"386.23\" y1=\"58.9\" x2=\"386.23\" y2=\"31.36\"\/>\n      <line class=\"st1 gsap-animate\" x1=\"370.77\" y1=\"58.9\" x2=\"370.77\" y2=\"31.36\"\/>\n      <line class=\"st1 gsap-animate\" x1=\"356.83\" y1=\"58.9\" x2=\"356.83\" y2=\"31.36\"\/>\n    <\/g>\n    <line class=\"st3 gsap-animate\" x1=\"412.89\" y1=\"59.39\" x2=\"412.89\" y2=\"94.08\"\/>\n    <line class=\"st3 gsap-animate\" x1=\"433.17\" y1=\"126.55\" x2=\"433.17\" y2=\"94.08\"\/>\n    <line class=\"st5 gsap-animate\" x1=\"408.46\" y1=\"126.55\" x2=\"408.46\" y2=\"94.08\"\/>\n    <line class=\"st1 gsap-animate\" x1=\"358.85\" y1=\"97.56\" x2=\"358.85\" y2=\"126.55\"\/>\n    <line class=\"st4 gsap-animate\" x1=\"344.35\" y1=\"98.52\" x2=\"344.35\" y2=\"126.55\"\/>\n    <line class=\"st1 gsap-animate\" x1=\"300.26\" y1=\"95.62\" x2=\"300.26\" y2=\"126.45\"\/>\n    <line class=\"st1 gsap-animate\" x1=\"159.48\" y1=\"95.7\" x2=\"159.48\" y2=\"126.55\"\/>\n    <line class=\"st1 gsap-animate\" x1=\"159.42\" y1=\"124.35\" x2=\"300.26\" y2=\"124.35\"\/>\n    <polyline class=\"st1 gsap-animate\" points=\"300.26 97.56 337.92 97.56 337.92 126.55\"\/>\n    <polyline class=\"st4 gsap-animate\" points=\"24.08 59.35 24.08 94.08 435.36 94.08 435.36 59.39\"\/>\n    <line class=\"st5 gsap-animate\" x1=\"46.55\" y1=\"59.39\" x2=\"46.55\" y2=\"94.08\"\/>\n    <line class=\"st4 gsap-animate\" x1=\"26.26\" y1=\"94.19\" x2=\"26.26\" y2=\"126.55\"\/>\n    <line class=\"st5 gsap-animate\" x1=\"50.96\" y1=\"94.08\" x2=\"50.96\" y2=\"126.42\"\/>\n    <line class=\"st4 gsap-animate\" x1=\".5\" y1=\"125\" x2=\"65.04\" y2=\"125\"\/>\n    <line class=\"st1 gsap-animate\" x1=\"65.04\" y1=\"97.56\" x2=\"65.04\" y2=\"126.42\"\/>\n    <line class=\"st5 gsap-animate\" x1=\"394.39\" y1=\"97.56\" x2=\"394.39\" y2=\"126.55\"\/>\n    <line class=\"st5 gsap-animate\" x1=\"394.39\" y1=\"125\" x2=\"458.94\" y2=\"125\"\/>\n    <polyline class=\"st5 gsap-animate\" points=\"337.92 98.52 349.18 98.52 349.18 97.56 396.14 97.56 396.14 94.08\"\/>\n    <line class=\"st5 gsap-animate\" x1=\"100.59\" y1=\"97.56\" x2=\"100.59\" y2=\"126.36\"\/>\n    <line class=\"st3 gsap-animate\" x1=\"115.09\" y1=\"126.36\" x2=\"115.09\" y2=\"98.52\"\/>\n    <polyline class=\"st5 gsap-animate\" points=\"121.52 126.55 121.52 97.56 159.16 97.56\"\/>\n    <line class=\"st5 gsap-animate\" x1=\"133.95\" y1=\"94.08\" x2=\"133.95\" y2=\"97.56\"\/>\n    <line class=\"st5 gsap-animate\" x1=\"141.64\" y1=\"97.56\" x2=\"141.64\" y2=\"94.08\"\/>\n    <line class=\"st2 gsap-animate\" x1=\".5\" y1=\"59.39\" x2=\"458.94\" y2=\"59.39\"\/>\n    <line class=\"st2 gsap-animate\" x1=\"295.28\" y1=\"32.65\" x2=\"356.94\" y2=\"32.65\"\/>\n    <line class=\"st2 gsap-animate\" x1=\"168.06\" y1=\"32.65\" x2=\"291.19\" y2=\"32.65\"\/>\n    <line class=\"st2 gsap-animate\" x1=\"102.5\" y1=\"32.65\" x2=\"164.15\" y2=\"32.65\"\/>\n    <line class=\"st3 gsap-animate\" x1=\"354.81\" y1=\"95.62\" x2=\"354.81\" y2=\"97.56\"\/>\n    <line class=\"st5 gsap-animate\" x1=\"318.27\" y1=\"95.62\" x2=\"318.27\" y2=\"97.56\"\/>\n    <line class=\"st5 gsap-animate\" x1=\"325.49\" y1=\"95.62\" x2=\"325.49\" y2=\"97.56\"\/>\n    <line class=\"st3 gsap-animate\" x1=\"159.18\" y1=\"96.59\" x2=\"300.26\" y2=\"96.59\"\/>\n    <line class=\"st3 gsap-animate\" x1=\"380.57\" y1=\"95.62\" x2=\"380.57\" y2=\"97.56\"\/>\n    <line class=\"st3 gsap-animate\" x1=\"390.47\" y1=\"95.62\" x2=\"390.47\" y2=\"97.56\"\/>\n    <line class=\"st3 gsap-animate\" x1=\"396.14\" y1=\"96.59\" x2=\"408.5\" y2=\"96.59\"\/>\n    <polyline class=\"st5 gsap-animate\" points=\"121.52 98.52 110.26 98.52 110.26 97.56 63.3 97.56 63.3 95.57\"\/>\n    <line class=\"st5 gsap-animate\" x1=\"99.8\" y1=\"95.62\" x2=\"99.8\" y2=\"97.56\"\/>\n    <line class=\"st5 gsap-animate\" x1=\"359.64\" y1=\"97.56\" x2=\"359.64\" y2=\"95.57\"\/>\n    <line class=\"st3 gsap-animate\" x1=\"104.63\" y1=\"95.57\" x2=\"104.63\" y2=\"97.56\"\/>\n    <line class=\"st3 gsap-animate\" x1=\"78.87\" y1=\"95.57\" x2=\"78.87\" y2=\"97.56\"\/>\n    <line class=\"st3 gsap-animate\" x1=\"68.97\" y1=\"95.57\" x2=\"68.97\" y2=\"97.56\"\/>\n    <line class=\"st3 gsap-animate\" x1=\"50.94\" y1=\"96.59\" x2=\"63.3\" y2=\"96.59\"\/>\n    <path class=\"st5 gsap-animate\" d=\"M435.36,93.85s-5,1.72-9.16,1.72h-10.31s-20.26,0-56.25,0H33.23c-4.16,0-9.16-1.76-9.16-1.76\"\/>\n    <circle class=\"st1 gsap-animate\" cx=\"166.11\" cy=\"34.27\" r=\"2.55\"\/>\n    <circle class=\"st1 gsap-animate\" cx=\"293.33\" cy=\"34.27\" r=\"2.55\"\/>\n  <\/g>\n  <g class=\"drawing-container\" data-gsap-timeline>\n    <polyline class=\"st0\" points=\"908.8 -373.05 890.43 -373.05 890.43 -395.28 889.62 -397.21\"\/>\n    <path class=\"st6 gsap-animate\" d=\"M890.42-394.76c0-.55.45-1,1-1h15.45c.55,0,1,.45,1,1v21.49\"\/>\n    <path class=\"st6 gsap-animate\" d=\"M907.8-397.21c.55,0,1,1.38,1,1.93v22.23\"\/>\n  <\/g>\n<\/svg>            <\/div>\n        <\/div>\n    <\/div>\n<\/div>\n\n\n<div class=\"hero wp-block alignfull hero-bg-red\">\n    <div class=\"hero-content\">\n        <div class=\"hero-content-inner\">\n        <div class=\"acf-innerblocks-container\">\n\n<h2 class=\"wp-block-heading\">Work at NKC<\/h2>\n\n\n\n<p>At NKC, you become part of a global industrial company where innovation, quality, and long-term commitment are in focus. We work with advanced technology, modern production methods, and a strong team spirit.<\/p>\n\n\n\n<p>Do you want to grow, take responsibility, and help create products for some of the world\u2019s leading industrial companies? Then NKC might be the right place for you.<\/p>\n\n\n\n<div class=\"wp-block-buttons is-layout-flex wp-block-buttons-is-layout-flex\">\n<div class=\"wp-block-button is-style-nkc-fill-button\"><a class=\"wp-block-button__link wp-element-button\" href=\"https:\/\/nkc-eu.com\/en\/work-with-us\/\">Want to work at NKC?<\/a><\/div>\n<\/div>\n\n<\/div>        \n    <\/div>\n    <\/div>\n            <div class=\"hero-image\" data-scroll data-scroll-speed=\"-0.1\" data-scroll-direction=\"vertical\">\n            <figure>\n                <img loading=\"lazy\" decoding=\"async\" width=\"1920\" height=\"1281\" src=\"https:\/\/nkc-eu.com\/app\/uploads\/2025\/09\/dsc0141_121223_nkc.avif\" class=\"attachment-full size-full\" alt=\"\" srcset=\"https:\/\/nkc-eu.com\/app\/uploads\/2025\/09\/dsc0141_121223_nkc.avif 1920w, https:\/\/nkc-eu.com\/app\/uploads\/2025\/09\/dsc0141_121223_nkc-300x200.avif 300w, https:\/\/nkc-eu.com\/app\/uploads\/2025\/09\/dsc0141_121223_nkc-1024x683.avif 1024w, https:\/\/nkc-eu.com\/app\/uploads\/2025\/09\/dsc0141_121223_nkc-768x512.avif 768w, https:\/\/nkc-eu.com\/app\/uploads\/2025\/09\/dsc0141_121223_nkc-1536x1025.avif 1536w\" sizes=\"auto, (max-width: 1920px) 100vw, 1920px\" \/>            <\/figure>\n        <\/div>\n    <\/div>","protected":false},"excerpt":{"rendered":"<p>Our Business Areas We operate in four business areas that together cover the entire production flow: pressing &amp; punching, machining, injection molding, and surface treatment. With extensive experience and modern technology, we support customers who require high precision, efficient production, and quality in every detail. We are also open to investing in new business areas [&hellip;]<\/p>\n","protected":false},"author":1,"featured_media":0,"parent":0,"menu_order":0,"comment_status":"closed","ping_status":"closed","template":"","meta":{"_acf_changed":false,"footnotes":""},"class_list":["post-24","page","type-page","status-publish","hentry"],"acf":[],"yoast_head":"<!-- This site is optimized with the Yoast SEO plugin v26.4 - https:\/\/yoast.com\/wordpress\/plugins\/seo\/ -->\n<title>Home - NKC<\/title>\n<meta name=\"robots\" content=\"noindex, follow, max-snippet:-1, max-image-preview:large, max-video-preview:-1\" \/>\n<meta property=\"og:locale\" content=\"en_US\" \/>\n<meta property=\"og:type\" content=\"article\" \/>\n<meta property=\"og:title\" content=\"Home - NKC\" \/>\n<meta property=\"og:description\" content=\"Our Business Areas We operate in four business areas that together cover the entire production flow: pressing &amp; punching, machining, injection molding, and surface treatment. With extensive experience and modern technology, we support customers who require high precision, efficient production, and quality in every detail. We are also open to investing in new business areas [&hellip;]\" \/>\n<meta property=\"og:url\" content=\"https:\/\/nkc-eu.com\/en\/\" \/>\n<meta property=\"og:site_name\" content=\"NKC\" \/>\n<meta property=\"article:modified_time\" content=\"2026-03-27T08:10:42+00:00\" \/>\n<meta name=\"twitter:card\" content=\"summary_large_image\" \/>\n<meta name=\"twitter:label1\" content=\"Est. reading time\" \/>\n\t<meta name=\"twitter:data1\" content=\"2 minutes\" \/>\n<script type=\"application\/ld+json\" class=\"yoast-schema-graph\">{\"@context\":\"https:\/\/schema.org\",\"@graph\":[{\"@type\":\"WebPage\",\"@id\":\"https:\/\/nkc-eu.com\/en\/\",\"url\":\"https:\/\/nkc-eu.com\/en\/\",\"name\":\"Home - NKC\",\"isPartOf\":{\"@id\":\"https:\/\/nkc-eu.com\/#website\"},\"datePublished\":\"2025-08-11T09:27:36+00:00\",\"dateModified\":\"2026-03-27T08:10:42+00:00\",\"breadcrumb\":{\"@id\":\"https:\/\/nkc-eu.com\/en\/#breadcrumb\"},\"inLanguage\":\"en-US\",\"potentialAction\":[{\"@type\":\"ReadAction\",\"target\":[\"https:\/\/nkc-eu.com\/en\/\"]}]},{\"@type\":\"BreadcrumbList\",\"@id\":\"https:\/\/nkc-eu.com\/en\/#breadcrumb\",\"itemListElement\":[{\"@type\":\"ListItem\",\"position\":1,\"name\":\"Home\",\"item\":\"https:\/\/nkc-eu.com\/en\/\"},{\"@type\":\"ListItem\",\"position\":2,\"name\":\"Home\"}]},{\"@type\":\"WebSite\",\"@id\":\"https:\/\/nkc-eu.com\/#website\",\"url\":\"https:\/\/nkc-eu.com\/\",\"name\":\"NKC\",\"description\":\"Pl\u00e5t- och sk\u00e4rande bearbetning, formsprutning &amp; milj\u00f6teknik\",\"potentialAction\":[{\"@type\":\"SearchAction\",\"target\":{\"@type\":\"EntryPoint\",\"urlTemplate\":\"https:\/\/nkc-eu.com\/?s={search_term_string}\"},\"query-input\":{\"@type\":\"PropertyValueSpecification\",\"valueRequired\":true,\"valueName\":\"search_term_string\"}}],\"inLanguage\":\"en-US\"}]}<\/script>\n<!-- \/ Yoast SEO plugin. -->","yoast_head_json":{"title":"Home - NKC","robots":{"index":"noindex","follow":"follow","max-snippet":"max-snippet:-1","max-image-preview":"max-image-preview:large","max-video-preview":"max-video-preview:-1"},"og_locale":"en_US","og_type":"article","og_title":"Home - NKC","og_description":"Our Business Areas We operate in four business areas that together cover the entire production flow: pressing &amp; punching, machining, injection molding, and surface treatment. With extensive experience and modern technology, we support customers who require high precision, efficient production, and quality in every detail. We are also open to investing in new business areas [&hellip;]","og_url":"https:\/\/nkc-eu.com\/en\/","og_site_name":"NKC","article_modified_time":"2026-03-27T08:10:42+00:00","twitter_card":"summary_large_image","twitter_misc":{"Est. reading time":"2 minutes"},"schema":{"@context":"https:\/\/schema.org","@graph":[{"@type":"WebPage","@id":"https:\/\/nkc-eu.com\/en\/","url":"https:\/\/nkc-eu.com\/en\/","name":"Home - NKC","isPartOf":{"@id":"https:\/\/nkc-eu.com\/#website"},"datePublished":"2025-08-11T09:27:36+00:00","dateModified":"2026-03-27T08:10:42+00:00","breadcrumb":{"@id":"https:\/\/nkc-eu.com\/en\/#breadcrumb"},"inLanguage":"en-US","potentialAction":[{"@type":"ReadAction","target":["https:\/\/nkc-eu.com\/en\/"]}]},{"@type":"BreadcrumbList","@id":"https:\/\/nkc-eu.com\/en\/#breadcrumb","itemListElement":[{"@type":"ListItem","position":1,"name":"Home","item":"https:\/\/nkc-eu.com\/en\/"},{"@type":"ListItem","position":2,"name":"Home"}]},{"@type":"WebSite","@id":"https:\/\/nkc-eu.com\/#website","url":"https:\/\/nkc-eu.com\/","name":"NKC","description":"Pl\u00e5t- och sk\u00e4rande bearbetning, formsprutning &amp; milj\u00f6teknik","potentialAction":[{"@type":"SearchAction","target":{"@type":"EntryPoint","urlTemplate":"https:\/\/nkc-eu.com\/?s={search_term_string}"},"query-input":{"@type":"PropertyValueSpecification","valueRequired":true,"valueName":"search_term_string"}}],"inLanguage":"en-US"}]}},"_links":{"self":[{"href":"https:\/\/nkc-eu.com\/en\/wp-json\/wp\/v2\/pages\/24","targetHints":{"allow":["GET"]}}],"collection":[{"href":"https:\/\/nkc-eu.com\/en\/wp-json\/wp\/v2\/pages"}],"about":[{"href":"https:\/\/nkc-eu.com\/en\/wp-json\/wp\/v2\/types\/page"}],"author":[{"embeddable":true,"href":"https:\/\/nkc-eu.com\/en\/wp-json\/wp\/v2\/users\/1"}],"replies":[{"embeddable":true,"href":"https:\/\/nkc-eu.com\/en\/wp-json\/wp\/v2\/comments?post=24"}],"version-history":[{"count":36,"href":"https:\/\/nkc-eu.com\/en\/wp-json\/wp\/v2\/pages\/24\/revisions"}],"predecessor-version":[{"id":1735,"href":"https:\/\/nkc-eu.com\/en\/wp-json\/wp\/v2\/pages\/24\/revisions\/1735"}],"wp:attachment":[{"href":"https:\/\/nkc-eu.com\/en\/wp-json\/wp\/v2\/media?parent=24"}],"curies":[{"name":"wp","href":"https:\/\/api.w.org\/{rel}","templated":true}]}}